{"id":10,"date":"2012-08-26T20:52:13","date_gmt":"2012-08-26T18:52:13","guid":{"rendered":"http:\/\/test.fsg-zi-hi-ho.de\/?page_id=10"},"modified":"2021-01-31T11:00:29","modified_gmt":"2021-01-31T10:00:29","slug":"chronik","status":"publish","type":"page","link":"https:\/\/www.fsg-zi-hi-ho.de\/FSG\/chronik\/","title":{"rendered":"Chronik"},"content":{"rendered":"<p>Die <strong>Fu\u00dfballspielgemeinschaft (FSG) Zizenhausen-Hindelwangen-Hoppetenzell e.V.<\/strong> ist ein Zusammenschluss der traditionsreichen Vereine Fu\u00dfballclub Zizenhausen (Gr\u00fcndung 1934), Hindelwanger Sportverein (Gr\u00fcndung 1955) und Sport-Club Hoppetenzell (Gr\u00fcndung 1955).<\/p>\n<p>Im Jahre 1992 sahen die Verantwortlichen des FC Zizenhausen und des Hindelwanger SV, aufgrund der immer weniger werdenden Spieler im Aktiv- und Jugendbereich, immer mehr \u201egraue Wolken\u201c aufziehen. Um auch in Zukunft einen geregelten und erfolgreichen Spielbetrieb sicherzustellen, schlugen die Vorstandschaften beider Vereine die Gr\u00fcndung der FSG vor. Da der Zusammenschluss bei allen Beteiligten unumstritten war, stimmten in den au\u00dferordentlichen Mitgliederversammlungen die Vereinsmitglieder der beiden Stammvereine diesem Vorhaben zu. Bei der dann folgenden Gr\u00fcndungsversammlung am 17. Juni 1992 in der Nellenburghalle in Hindelwangen stimmten die 42 Gr\u00fcndungsmitglieder f\u00fcr die neue Satzung der FSG.<\/p>\n<p>Der FCZ brachte seine beiden Mannschaften der Kreisklasse A und C und der HSV seine beiden Mannschaften aus der Kreisklasse B und C in den neu gegr\u00fcndeten Verein mit ein. Der Jugendspielbetrieb blieb anf\u00e4nglich noch bei den Stammvereinen angesiedelt. Den Aktivspielbetrieb nahm man in der Saison 1992\/1993 mit 3 Mannschaften in den Kreisklassen A, B und C auf. Der Vereinsname des neu gegr\u00fcndeten Vereins lautete anfangs FSG Zizenhausen-Hindelwangen.<\/p>\n<p><span style=\"text-decoration: underline;\"><strong>Weitere Fusion<br \/>\n<\/strong><\/span>Zum Beginn der Spielrunde 2004\/2005 wurden die Fu\u00dfballer vom SC Hoppetenzell, der gerade aus der Kreisliga A abgestiegen war, in den Spielbetrieb eingegliedert. Ein Jahr sp\u00e4ter wurde die \u00c4nderung des Vereinsnamens beschlossen. Die FSG spielt seit dem 01.07.2005 unter dem Namen<\/p>\n<p><strong>FSG Zizenhausen\u2013Hindelwangen\u2013Hoppetenzell.<\/strong><\/p>\n<p>Die Ursprungsvereine blieben weiterhin bestehen, sie sind f\u00fcr den Freizeitsport und die jeweiligen Sportanlagen und Clubheime verantwortlich.<\/p>\n<p><strong><span style=\"text-decoration: underline;\">Integration der Jugendmannschaften<br \/>\n<\/span><\/strong>Von 1992 bis ins Jahr 2003 spielten die Jugendmannschaften noch in den Stammvereinen FC Zizenhausen und Hindelwanger SV. Meist waren die Mannschaften als Spielgemeinschaften gemeldet. In den Jahreshauptversammlungen des Jahres 2003 wurde dann aber auch die Fusion der Jugendabteilungen der\u00a0 beiden Stammvereine beschlossen. Seit der weiteren Fusion mit dem SC Hoppetenzell wurde im Jahr 2004 auch die Jugendabteilung des SCH\u00a0 integriert. Somit wurde Herren- und Jugendfu\u00dfball nur noch in der FSG gespielt. Aufgrund der geringer gewordenen Spielerzahlen im Jugendbereich agiert die FSG seit der Saison 2009\/2010 in einer Spielgemeinschaft mit der SG Zoznegg-Wintersp\u00fcren. Ein neuer Kooperationspartner gibt es ab der Saison 2017\/18. Von nun an bildet die FSG in der Jugend mit der SG Zoznegg-Wintersp\u00fcren und dem VFR Stockach eine Spielgemeinschaft.<\/p>\n<p><strong><span style=\"text-decoration: underline;\">Spielbetrieb Aktivmannschaften<\/span><\/strong><br \/>\nLeider blieb nach Gr\u00fcndung der FSG zun\u00e4chst der gew\u00fcnschte sportliche Erfolg aus und man musste mehrmals um den Klassenerhalt der 1. Mannschaft bangen. Die 2. Mannschaft stieg in die Kreisklasse C ab und die 3. Mannschaft musste wegen Spielermangels vor der Saison 1994\/1995 gar abgemeldet werden.<\/p>\n<p>Erst in der Spielzeit 1997\/1998 ging es mit der 1. Mannschaft wieder voran, man wurde Tabellenzweiter. Dies gelang anschlie\u00dfend noch zweimal. Die 2. Tabellenpl\u00e4tze berechtigen einmalig zur Teilnahme an der neu eingef\u00fchrten Aufstiegsrelegation, aber der Sprung in die Bezirksliga konnte nicht geschafft werden. Ma\u00dfgeblichen Anteil am Aufschwung zu dieser Zeit hatte die sehr erfolgreiche Jugendarbeit. Hiervon profitierte auch die 2. Mannschaft, die in der Saison 1999\/2000 den Aufstieg und die R\u00fcckkehr in die Kreisliga B schaffte. Aufgrund der zahlreichen Neuzug\u00e4nge aus der Jugendabteilung konnte zu Saisonbeginn 2002\/2003 auch wieder eine 3. Mannschaft angemeldet werden. Die Saison 2002\/2003 brachte dann auch endlich die souver\u00e4ne Meisterschaft und den <strong>Aufstieg in die Bezirksliga<\/strong>, wo man 5 Jahre bis 2008 spielte, dann aber wieder absteigen musste. Im Jahr 2007 wurde einer der gr\u00f6\u00dften Vereinserfolge, der erstmalige <strong>Gewinn des Bezirkspokals<\/strong>, erreicht. In der Folgezeit spielten die 3 Mannschaften in der Kreisliga A, B und C. In der Saison 2010\/2011 erreichte die 1. Mannschaft wieder einmal die Aufstiegsrelegation mit einem Finalspiel auf dem heimischen Sennhof-Sportplatz. Dieses Spiel, vor gro\u00dfer Zuschauerkulisse (ca. 1.000 Zuschauer), war das bisher bestbesuchte Heimspiel der FSG, das aber leider verloren wurde. Drei Jahre sp\u00e4ter, in der Saison 2013\/2014 gelang es der 1. Mannschaft am letzten Spieltag die Meisterschaft und somit den erneuten <strong>Aufstieg in die Bezirksliga<\/strong> perfekt zu machen. Auch dieses Spiel war ein richtiges Endspiel auf heimischen Platz, welches ebenfalls vor gro\u00dfer Kulisse gegen den punktgleichen Tabellenzweiten gewonnen werden konnte. Daraufhin folgten 2 Spielrunden mit \u201eAuf und Ab\u00b4s\u201c, denn es musste gleich wieder der Gang in die Kreisliga angetreten werden und in der folgenden Saison konnte als Meister der direkte <strong>Wiederaufstieg in die Bezirksliga<\/strong> gefeiert werden. Doch auch dort wurde unsere Erste ihrem Ruf als Fahrstuhlmannschaft gerecht. Trotz gro\u00dfen Kampfes geh\u00f6rte man am Ende der Saison 2016\/2017 zu den f\u00fcnf (!) Absteigern in die Kreisliga A, weil man im letzten Saisonspiel in letzter Spielminute noch den f\u00fcr die Niederlage entscheidenden Gegentreffer hinnehmen musste. Aktuell spielt unsere 1. Mannschaft in der Kreisliga A.<\/p>\n<p><span style=\"text-decoration: underline;\"><strong>Damen- und M\u00e4dchenfu\u00dfball<br \/>\n<\/strong><\/span>Eine Neuerung innerhalb der FSG gibt es seit dem Spieljahr 2006\/2007. Erstmals wurde eine M\u00e4dchenmannschaft (B-M\u00e4dchen) f\u00fcr die Spielrunde angemeldet. Aufgrund des Nachwuchses aus der M\u00e4dchenmannschaft konnte 2008 dann auch eine Damenmannschaft zum Spielbetrieb gemeldet werden. Damit konnte eine Tradition wieder aufleben, denn bereits zu Zeiten des Hindelwanger SV\u00b4s gab es schon einmal Damenmannschaften. Der Ausbau des M\u00e4dchen- und Damenfu\u00dfballs wurde in einer Spielgemeinschaft mit der SG Heudorf-Honstetten konsequent weiter verfolgt. Diese Arbeit zahlte sich aus! Im Jahr 2009 wurden C-M\u00e4dchen und 3 Jahre sp\u00e4ter noch D-M\u00e4dchen f\u00fcr den Spielbetrieb angemeldet. Durch die zahlreich aus dem Jugendbereich nachr\u00fcckenden Spielerinnen nahm ab der Saison 2014\/2015, f\u00fcr 2 Jahre, eine 2. Damenmannschaft an den Saisonspielen teil. Seit der Saison 2017\/2018 wurde die SG-Partnerschaft aufgel\u00f6st und somit wird im Damen- und M\u00e4dchenfu\u00dfball nur noch unter dem Namen der FSG gespielt.<\/p>\n<p>In der Saison 2013\/2014 schaffte die Damenmannschaft, die sich j\u00e4hrlich verbesserte, den <strong>Bezirkspokalsieg<\/strong> sowie die Meisterschaft und somit den <strong>Aufstieg in die Bezirksliga<\/strong>. Diese Erfolgsgeschichte der Damenmannschaft setzte sich im folgenden Jahr in der Saison 2014\/2015 nahtlos fort. Es gelang erneut die <strong>Meisterschaft<\/strong> in der Bezirksliga und der damit verbundene <strong>Aufstieg in die Landesliga<\/strong>. Ebenfalls konnte der <strong>Bezirkspokalsieg<\/strong> wiederholt werden und somit das <strong>\u201eDouble\u201c<\/strong> erneut perfekt gemacht werden. Im ersten Jahr konnten die Damen den Klassenerhalt in der Landesliga feiern, doch im zweiten Jahr wurde der Klassenerhalt deutlich verpasst und somit spielt die Mannschaft ab der Saison 2017\/2018 wieder in der Bezirksliga.<\/p>\n<p>Zur Saison 2020\/21 stieg die Damenmannschaft freiwillig in die Kreisliga ab, da der Kader durch einige Abg\u00e4nge quantitativ nicht mehr f\u00fcr die Bezirksliga ausreichend war.<\/p>\n<p><span style=\"text-decoration: underline;\"><strong>Die Vereinsf\u00fchrung<\/strong><\/span><br \/>\nDer FSG-Vorstandschaft sollen m\u00f6glichst Mitglieder aller 3 Stammvereine angeh\u00f6ren. Die Vorstandschaft wird unterst\u00fctzt durch die jeweiligen Vorstandschaften der Stammvereine FC Zizenhausen, Hindelwanger SV und SC Hoppetenzell. Die bisherigen 1. Vorsitzenden der FSG waren:<\/p>\n<table style=\"border-style: none; height: 50px;\" border=\"0\">\n<tbody>\n<tr style=\"height: 44px;\">\n<td style=\"border-style: none; height: 10px; width: 190.45px;\"><span style=\"font-size: 16px;\">&#8211; Peter Meier<\/span><\/td>\n<td style=\"border-style: none; height: 10px; width: 251.55px;\"><span style=\"font-size: 16px;\">(1992, 1996, 1999, 2000)<\/span><\/td>\n<\/tr>\n<tr style=\"height: 44px;\">\n<td style=\"border-style: none; height: 10px; width: 190.45px;\"><span style=\"font-size: 16px;\">&#8211; Werner Schmid<\/span><\/td>\n<td style=\"border-style: none; height: 10px; width: 251.55px;\"><span style=\"font-size: 16px;\">(1994)<\/span><\/td>\n<\/tr>\n<tr style=\"height: 44px;\">\n<td style=\"border-style: none; height: 10px; width: 190.45px;\"><span style=\"font-size: 16px;\">&#8211; Harald Gr\u00f6mminger<\/span><\/td>\n<td style=\"border-style: none; height: 10px; width: 251.55px;\"><span style=\"font-size: 16px;\">(1997, 1998, 2001, 2002)<\/span><\/td>\n<\/tr>\n<tr style=\"height: 44px;\">\n<td style=\"border-style: none; height: 10px; width: 190.45px;\"><span style=\"font-size: 16px;\">&#8211; Siegfried B\u00fchler<\/span><\/td>\n<td style=\"border-style: none; height: 10px; width: 251.55px;\"><span style=\"font-size: 16px;\">(1993, 1995, 2003 \u2013 2017)<\/span><\/td>\n<\/tr>\n<tr style=\"height: 44px;\">\n<td style=\"border-style: none; height: 10px; width: 190.45px;\"><span style=\"font-size: 16px;\">&#8211; Rainer B\u00fchler<\/span><\/td>\n<td style=\"border-style: none; height: 10px; width: 251.55px;\"><span style=\"font-size: 16px;\">(seit 2017)<\/span><\/td>\n<\/tr>\n<\/tbody>\n<\/table>\n<p>Peter Maier war der erste Vorsitzende der FSG, trat aber nach einem Jahr aus der Vorstandschaft aus. Im 2. Jahr \u00fcbernahm turnusgem\u00e4\u00df Siegfried B\u00fchler erstmals die Gesch\u00e4fte der FSG. Die weiteren ersten Vorsitzenden waren Werner Schmid, erneut Peter Meier und Harald Gr\u00f6mminger. Die mit Abstand l\u00e4ngste Amtszeit hatte Siegfried B\u00fchler, der sich 2017 nach insgesamt 16 Jahren als 1. Vorsitzender altersbedingt nicht mehr zur Wahl stellte. Sein Nachfolger wurde Rainer B\u00fchler, der derzeit die Gesch\u00e4fte der FSG f\u00fchrt.<\/p>\n","protected":false},"excerpt":{"rendered":"<p>Die Fu\u00dfballspielgemeinschaft (FSG) Zizenhausen-Hindelwangen-Hoppetenzell e.V. ist ein Zusammenschluss der traditionsreichen Vereine Fu\u00dfballclub Zizenhausen (Gr\u00fcndung 1934), Hindelwanger Sportverein (Gr\u00fcndung 1955) und Sport-Club Hoppetenzell (Gr\u00fcndung 1955). Im [&#8230;]<\/p>\n","protected":false},"author":1,"featured_media":0,"parent":0,"menu_order":98,"comment_status":"closed","ping_status":"closed","template":"","meta":{"footnotes":""},"class_list":["post-10","page","type-page","status-publish","hentry"],"_links":{"self":[{"href":"https:\/\/www.fsg-zi-hi-ho.de\/FSG\/wp-json\/wp\/v2\/pages\/10","targetHints":{"allow":["GET"]}}],"collection":[{"href":"https:\/\/www.fsg-zi-hi-ho.de\/FSG\/wp-json\/wp\/v2\/pages"}],"about":[{"href":"https:\/\/www.fsg-zi-hi-ho.de\/FSG\/wp-json\/wp\/v2\/types\/page"}],"author":[{"embeddable":true,"href":"https:\/\/www.fsg-zi-hi-ho.de\/FSG\/wp-json\/wp\/v2\/users\/1"}],"replies":[{"embeddable":true,"href":"https:\/\/www.fsg-zi-hi-ho.de\/FSG\/wp-json\/wp\/v2\/comments?post=10"}],"version-history":[{"count":30,"href":"https:\/\/www.fsg-zi-hi-ho.de\/FSG\/wp-json\/wp\/v2\/pages\/10\/revisions"}],"predecessor-version":[{"id":9151,"href":"https:\/\/www.fsg-zi-hi-ho.de\/FSG\/wp-json\/wp\/v2\/pages\/10\/revisions\/9151"}],"wp:attachment":[{"href":"https:\/\/www.fsg-zi-hi-ho.de\/FSG\/wp-json\/wp\/v2\/media?parent=10"}],"curies":[{"name":"wp","href":"https:\/\/api.w.org\/{rel}","templated":true}]}}