{"id":1386,"date":"2012-12-21T11:06:03","date_gmt":"2012-12-21T10:06:03","guid":{"rendered":"http:\/\/www.fsg-zi-hi-ho.de\/FSG\/?page_id=1386"},"modified":"2026-02-17T18:37:25","modified_gmt":"2026-02-17T17:37:25","slug":"shop","status":"publish","type":"page","link":"https:\/\/www.fsg-zi-hi-ho.de\/FSG\/shop\/","title":{"rendered":"Shop"},"content":{"rendered":"<p style=\"text-align: center;\"><span style=\"font-size: 20px;\"><strong>+ <\/strong>Der neue Zugang zum <strong>FSG-Fan-Shop_+<\/strong><\/span><\/p>\n<p style=\"text-align: center;\">Bitte folgenden Link benutzen:<\/p>\n<p style=\"text-align: center;\"><a href=\"https:\/\/team.jako.com\/de-de\/team\/fsg_zi_hi_ho\/\" target=\"_blank\" rel=\"noopener\">FSG Zi-Hi-Ho | FSG Zi-Hi-Ho | team.jako.de<\/a><\/p>\n<p>&nbsp;<\/p>\n<p>Gemeinsam mit unserem Teamsport Ausstatter GR\u00dcNVOGEL Sportartikel&amp;Teamwear pr\u00e4sentieren wir die neue Jako Kollektion f\u00fcr den FSG Fanshop.<br \/>\nKollektionslaufzeit bis 12.2031<\/p>\n<p><strong>Veredelung:<\/strong>\u00a0(siehe Artikelbeschreibung)<br \/>\nAlle Oberteile inkl. Vereinswappen auf Brust, sowie K\u00fcrzel ca.5cm (max.3 Zeichen).<br \/>\nBitte das entsprechende Feld daf\u00fcr beim Bestellvorgang ausf\u00fcllen.<br \/>\nUnderwear und weitere Zubeh\u00f6rartikel sind ohne Veredelung.<\/p>\n<p><strong>Bestelltermine:<\/strong><br \/>\nBestellungen werden zum Ende jeden Monats ausgel\u00f6st und bearbeitet.<br \/>\nBestellungen k\u00f6nnen jederzeit aufgegeben werden.<br \/>\nBearbeitungszeit der Bestellung ca. 14-20Tage.<\/p>\n<p><strong>Bezahlung und Abholung:<\/strong><br \/>\nBezahlung bitte \u00fcber die m\u00f6glichen Zahlungsm\u00f6glichkeiten im Shop. Bearbeitung der Bestellung erfolgt erst nach vollst\u00e4ndiger Bezahlung im Voraus.<\/p>\n<p>Abholung der Bestellung nach Benachrichtigung bei GR\u00dcNVOGEL Sportartikel&amp;Teamwear.<br \/>\nVersand der Bestellung gegen Aufpreis m\u00f6glich.<br \/>\nBis 100\u20ac Einkaufswert 5,90\u20ac Porto, ab 100\u20ac Einkaufswert kostenlose Lieferung (bitte entsprechend ausw\u00e4hlen).<\/p>\n<p>Kontakt:<\/p>\n<p><a href=\"https:\/\/team.jako.com\/de-de\/team\/fsg_zi_hi_ho\/\" target=\"_blank\" rel=\"noopener\">FSG Zi-Hi-Ho | FSG Zi-Hi-Ho | team.jako.de<\/a><br \/>\nGR\u00dcNVOGEL Sportartikel&amp;Teamwear GmbH<br \/>\n88662 \u00dcberlingen<br \/>\nTel: 0755161617<br \/>\nMail: <a href=\"mailto:kontakt@sportartikel-gruenvogel.de\">kontakt@sportartikel-gruenvogel.de<\/a><\/p>\n","protected":false},"excerpt":{"rendered":"<p>+ Der neue Zugang zum FSG-Fan-Shop_+ Bitte folgenden Link benutzen: FSG Zi-Hi-Ho | FSG Zi-Hi-Ho | team.jako.de &nbsp; Gemeinsam mit unserem Teamsport Ausstatter GR\u00dcNVOGEL Sportartikel&amp;Teamwear [&#8230;]<\/p>\n","protected":false},"author":1,"featured_media":0,"parent":0,"menu_order":53,"comment_status":"closed","ping_status":"closed","template":"","meta":{"footnotes":""},"class_list":["post-1386","page","type-page","status-publish","hentry"],"_links":{"self":[{"href":"https:\/\/www.fsg-zi-hi-ho.de\/FSG\/wp-json\/wp\/v2\/pages\/1386","targetHints":{"allow":["GET"]}}],"collection":[{"href":"https:\/\/www.fsg-zi-hi-ho.de\/FSG\/wp-json\/wp\/v2\/pages"}],"about":[{"href":"https:\/\/www.fsg-zi-hi-ho.de\/FSG\/wp-json\/wp\/v2\/types\/page"}],"author":[{"embeddable":true,"href":"https:\/\/www.fsg-zi-hi-ho.de\/FSG\/wp-json\/wp\/v2\/users\/1"}],"replies":[{"embeddable":true,"href":"https:\/\/www.fsg-zi-hi-ho.de\/FSG\/wp-json\/wp\/v2\/comments?post=1386"}],"version-history":[{"count":230,"href":"https:\/\/www.fsg-zi-hi-ho.de\/FSG\/wp-json\/wp\/v2\/pages\/1386\/revisions"}],"predecessor-version":[{"id":11009,"href":"https:\/\/www.fsg-zi-hi-ho.de\/FSG\/wp-json\/wp\/v2\/pages\/1386\/revisions\/11009"}],"wp:attachment":[{"href":"https:\/\/www.fsg-zi-hi-ho.de\/FSG\/wp-json\/wp\/v2\/media?parent=1386"}],"curies":[{"name":"wp","href":"https:\/\/api.w.org\/{rel}","templated":true}]}}