{"id":1388,"date":"2012-12-21T11:06:45","date_gmt":"2012-12-21T10:06:45","guid":{"rendered":"http:\/\/www.fsg-zi-hi-ho.de\/FSG\/?page_id=1388"},"modified":"2019-01-14T11:30:33","modified_gmt":"2019-01-14T10:30:33","slug":"foerderverein","status":"publish","type":"page","link":"https:\/\/www.fsg-zi-hi-ho.de\/FSG\/foerderverein\/","title":{"rendered":"Unser F\u00f6rderverein"},"content":{"rendered":"<p style=\"text-align: justify;\">Der <strong>F\u00f6rderverein der FSG Zizenhausen-Hindelwangen-Hoppetenzell Jugend e.V.<\/strong> stellt sich vor:<\/p>\n<p style=\"text-align: justify;\"><strong>Warum gibt es den F\u00f6rderverein der FSG Jugend?<\/strong><\/p>\n<ul>\n<li style=\"text-align: justify;\">Die j\u00e4hrlichen Standardmitgliedsbeitr\u00e4ge im Jugendbereich der FSG decken bei weitem nicht die Kosten (ca. 120,- \u20ac), die f\u00fcr eine Spielerin oder einen Spieler w\u00e4hrend einer Saison anfallen.<\/li>\n<li style=\"text-align: justify;\">Im Vergleich mit vielen Nachbarfu\u00dfballvereinen liegen wir unter deren Mitgliedsbeitr\u00e4gen. Dies wollen wir auch so beibehalten, denn damit wollen wir allen Familien erm\u00f6glichen ihre Kinder zum Fu\u00dfballspielen schicken zu k\u00f6nnen.<\/li>\n<li style=\"text-align: justify;\">Die St\u00e4rkung der Jugendarbeit ist ein erkl\u00e4rtes Ziel der FSG, denn letztendlich sichern gute und erfolgreiche Jugendmannschaften auch langfristig den Erfolg des gesamten Vereines.<\/li>\n<\/ul>\n<p style=\"text-align: justify;\">Damit die gesetzten FSG-Vereinsziele erreicht werden k\u00f6nnen ist nicht nur der pers\u00f6nliche Einsatz von vielen ehrenamtlichen Vereinsmitgliedern wie Trainerinnen, Trainer und Betreuer notwendig, sondern es bedarf auch der notwendigen finanziellen Mittel.<\/p>\n<p style=\"text-align: justify;\">Werden auch Sie Mitglied in unserem F\u00f6rderverein FSG-Jugend. Ab 20,- \u20ac Jahresbeitrag k\u00f6nnen Sie die wertvolle Jugendarbeit und unsere Kinder finanziell unterst\u00fctzen.<\/p>\n<p style=\"text-align: justify;\">Wir freuen uns \u00fcber jedes Mitglied und jede Spende!<\/p>\n<p><strong>&gt;&gt; <img loading=\"lazy\" decoding=\"async\" class=\"alignnone size-full wp-image-1820\" src=\"https:\/\/www.fsg-zi-hi-ho.de\/wp-content\/uploads\/2013\/03\/Adobe_CreatePDF_icon.gif\" alt=\"Adobe_CreatePDF_icon\" width=\"20\" height=\"21\" \/> <a href=\"https:\/\/www.fsg-zi-hi-ho.de\/wp-content\/uploads\/Mitgliedsantrag-F\u00f6rderverein_2019.pdf\" target=\"_blank\" rel=\"noopener\">Mitgliedsantrag<\/a><\/strong><\/p>\n<hr \/>\n<p style=\"text-align: justify;\"><strong>Der Zweck des Vereins \u2026<\/strong><\/p>\n<p style=\"text-align: justify;\">\u00a0\u2026 ist die ideelle und finanzielle F\u00f6rderung des Jugendsports der Abteilung Fu\u00dfball der FSG Zizenhausen-Hindelwangen-Hoppetenzell e.V.<\/p>\n<p><strong>&gt;&gt; <img loading=\"lazy\" decoding=\"async\" class=\"alignnone size-full wp-image-1820\" src=\"https:\/\/www.fsg-zi-hi-ho.de\/wp-content\/uploads\/2013\/03\/Adobe_CreatePDF_icon.gif\" alt=\"Adobe_CreatePDF_icon\" width=\"20\" height=\"21\" \/><\/strong><strong>\u00a0<\/strong> <a href=\"https:\/\/www.fsg-zi-hi-ho.de\/wp-content\/uploads\/2012\/12\/Foerderverein-Satzung.pdf\" target=\"_blank\" rel=\"noopener\"><strong>Unsere aktuelle Satzung<\/strong><\/a><\/p>\n<hr \/>\n<p><strong>Wof\u00fcr werden die zus\u00e4tzlichen, finanziellen Mittel verwendet?<\/strong><\/p>\n<ul>\n<li><span style=\"text-decoration: underline;\">F\u00fcr die Kinder, konkret:<\/span>\n<ul style=\"list-style-type: circle;\">\n<li>Beschaffung von geeignetem Trainingsmaterial<\/li>\n<li>Schaffung und Erhaltung eines m\u00f6glichst optimalen Trainingsumfeldes<\/li>\n<li>Gezielte F\u00f6rderung und Sicherung von eigenen Jugendspielern<\/li>\n<li>Ausrichtung von Kinderjugendtagen<\/li>\n<\/ul>\n<\/li>\n<li><span style=\"text-decoration: underline;\">F\u00fcr die St\u00e4rkung des Teamgedankens:<\/span>\n<ul style=\"list-style-type: circle;\">\n<li>Kostenbeteiligungen bei Teamveranstaltungen, z.B. Trainingscamps, Mannschaftsausfl\u00fcgen,\u00a0\u00a0\u00a0 Weihnachtsfeiern, Saisonabschl\u00fcsse<\/li>\n<li>Kostenbeteiligungen f\u00fcr regions\u00fcbergreifende Aktivit\u00e4ten, z.B. Teilnahmen an Turnieren<\/li>\n<\/ul>\n<\/li>\n<li><span style=\"text-decoration: underline;\">F\u00f6rderung der Trainerqualifikationen<\/span>\n<ul style=\"list-style-type: circle;\">\n<li>Kostenbeteiligung bei Trainerlehrg\u00e4ngen, \u00dcbungsleiterausbildungen<\/li>\n<\/ul>\n<\/li>\n<\/ul>\n<p>&nbsp;<\/p>\n","protected":false},"excerpt":{"rendered":"<p>Der F\u00f6rderverein der FSG Zizenhausen-Hindelwangen-Hoppetenzell Jugend e.V. stellt sich vor: Warum gibt es den F\u00f6rderverein der FSG Jugend? Die j\u00e4hrlichen Standardmitgliedsbeitr\u00e4ge im Jugendbereich der FSG [&#8230;]<\/p>\n","protected":false},"author":1,"featured_media":0,"parent":0,"menu_order":52,"comment_status":"closed","ping_status":"closed","template":"","meta":{"footnotes":""},"class_list":["post-1388","page","type-page","status-publish","hentry"],"_links":{"self":[{"href":"https:\/\/www.fsg-zi-hi-ho.de\/FSG\/wp-json\/wp\/v2\/pages\/1388","targetHints":{"allow":["GET"]}}],"collection":[{"href":"https:\/\/www.fsg-zi-hi-ho.de\/FSG\/wp-json\/wp\/v2\/pages"}],"about":[{"href":"https:\/\/www.fsg-zi-hi-ho.de\/FSG\/wp-json\/wp\/v2\/types\/page"}],"author":[{"embeddable":true,"href":"https:\/\/www.fsg-zi-hi-ho.de\/FSG\/wp-json\/wp\/v2\/users\/1"}],"replies":[{"embeddable":true,"href":"https:\/\/www.fsg-zi-hi-ho.de\/FSG\/wp-json\/wp\/v2\/comments?post=1388"}],"version-history":[{"count":24,"href":"https:\/\/www.fsg-zi-hi-ho.de\/FSG\/wp-json\/wp\/v2\/pages\/1388\/revisions"}],"predecessor-version":[{"id":8063,"href":"https:\/\/www.fsg-zi-hi-ho.de\/FSG\/wp-json\/wp\/v2\/pages\/1388\/revisions\/8063"}],"wp:attachment":[{"href":"https:\/\/www.fsg-zi-hi-ho.de\/FSG\/wp-json\/wp\/v2\/media?parent=1388"}],"curies":[{"name":"wp","href":"https:\/\/api.w.org\/{rel}","templated":true}]}}