{"id":15,"date":"2012-08-26T20:55:43","date_gmt":"2012-08-26T18:55:43","guid":{"rendered":"http:\/\/test.fsg-zi-hi-ho.de\/?page_id=15"},"modified":"2020-01-25T16:51:40","modified_gmt":"2020-01-25T15:51:40","slug":"aktive","status":"publish","type":"page","link":"https:\/\/www.fsg-zi-hi-ho.de\/FSG\/aktive\/","title":{"rendered":"Aktive Herrenmannschaften"},"content":{"rendered":"<p>Im <strong>Jahre<\/strong> <strong>1992<\/strong> startete die neu gegr\u00fcndete FSG mit 3 Aktivmannschaften (Kreisliga A, B und C) mit den\u00a0 ersten Saisonspielen in den Spielbetrieb. Die Aktivmannschaften des FC Zizenhausen und des Hindelwanger SV wurden in der FSG zusammengef\u00fchrt. Damals lautete der Vereinsname noch FSG Zizenhausen-Hindelwangen.<\/p>\n<p>Zum Beginn der Spielrunde 2004\/2005 schloss sich der SC Hoppetenzell der FSG an. Seither spielen die Aktivmannschaften unter dem Namen <strong>FSG Zizenhausen-Hindelwangen-Hoppetenzell<\/strong>.<\/p>\n<p>Anfangs blieb der sportliche Erfolg aus. Die 1. Mannschaft bangte mehrmals um den Klassenerhalt, die 2. Mannschaft stieg ab und die 3. Mannschaft musste abgemeldet werden. Ab der Saison 1997\/1998 ging es mit der FSG wieder bergauf. Folgende sportlichen Erfolge konnten seither erreicht werden:<\/p>\n<p><strong>1. Mannschaft:<\/strong><\/p>\n<ul>\n<li>mehrere 2. Tabellenpl\u00e4tze in der Kreisliga A und Teilnahme an der Aufstiegrelegation (H\u00f6hepunkt Saison 2010\/2011 mit Finalspiel auf heimischen Platz vor ca. 1.000 Zuschauern \/ Ergebnis: FSG \u2013 TSV Aach-Linz 0:2)<\/li>\n<li><strong>Meisterschaft<\/strong> und <strong>Aufstieg in die Bezirksliga<\/strong> (Saison 2002\/2003)<\/li>\n<li><strong>Bezirkspokalsieg<\/strong> im Jahre 2007 (Ergebnis: FSG \u2013 FC Uhldingen 5:2)<\/li>\n<li>Nach dem Abstieg im Jahre 2008 wurde in der Saison 2013\/2014 die <strong>Meisterschaft<\/strong> und der <strong>Aufstieg in die Bezirksliga<\/strong> wieder geschafft (Finalspiel am letzten Spieltag gegen den punktgleichen Tabellenzweiten vor ca. 700 Zuschauern \/ Ergebnis: FSG \u2013 SC Gottmadingen-Bietingen 1:0)<\/li>\n<li>nach dem sofortigem Abstieg wurde gleich wieder die souver\u00e4ne <strong>Meisterschaft mit Aufstieg in Bezirksliga<\/strong> in der Saison 2015\/2016 geschafft.<\/li>\n<\/ul>\n<p><span style=\"text-decoration: underline;\">Die bisherigen Trainer der 1. Mannschaft waren:<\/span><br \/>\nHansj\u00f6rg L\u00f6ffler, Erwin Renner, Erwin Gabele, J\u00fcrgen Nadig, Werner Prosen, J\u00fcrgen Maurer, Karl-Heinz Schroff, J\u00fcrgen Beirer, Dietmar Zanner, Bernd Braiger, Naser Berisha, Alessandro Paolantonio, J\u00fcrgen Maurer, Patrick Reuter und Juri Volk (gemeinsam), Patrick Reuter, Daniel Matt, Sascha Deiringer, Matth\u00e4us Dukart und Gino Radice.<\/p>\n<p><strong>2. Mannschaft:<\/strong><\/p>\n<ul>\n<li><strong>Meisterschaft<\/strong> Kreisliga C in der Saison 1999\/2000 und R\u00fcckkehr in die Kreisliga B (seither feste Gr\u00f6\u00dfe in der Kreisliga B)<\/li>\n<\/ul>\n<p><strong>3. Mannschaft:<\/strong><\/p>\n<ul>\n<li>Im Jahre 2003 konnte wieder eine 3. Mannschaft f\u00fcr den Spielbetrieb angemeldet werden<\/li>\n<\/ul>\n<p>Aktuell spielt unsere 1. Mannschaft in der Kreisliga A. Die Heimspiele werden auf dem Sennhof-Sportplatz in Zizenhausen ausgetragen. Die 2. Mannschaft bestreitet die Heimspiele sowohl auf der Birkenstaude in Hoppetenzell als auch auf dem Sennhof in Zizenhausen\u00a0 und spielt in der Kreisliga B. In Hindelwangen tr\u00e4gt in der Kreisliga C die 3. Mannschaft ihre Heimspiele aus. Die FSG kann momentan f\u00fcr die 3 Mannschaften auf ca. 60 Aktiv-Fu\u00dfballer zur\u00fcckgreifen.<\/p>\n","protected":false},"excerpt":{"rendered":"<p>Im Jahre 1992 startete die neu gegr\u00fcndete FSG mit 3 Aktivmannschaften (Kreisliga A, B und C) mit den\u00a0 ersten Saisonspielen in den Spielbetrieb. Die Aktivmannschaften [&#8230;]<\/p>\n","protected":false},"author":1,"featured_media":0,"parent":0,"menu_order":96,"comment_status":"closed","ping_status":"closed","template":"","meta":{"footnotes":""},"class_list":["post-15","page","type-page","status-publish","hentry"],"_links":{"self":[{"href":"https:\/\/www.fsg-zi-hi-ho.de\/FSG\/wp-json\/wp\/v2\/pages\/15","targetHints":{"allow":["GET"]}}],"collection":[{"href":"https:\/\/www.fsg-zi-hi-ho.de\/FSG\/wp-json\/wp\/v2\/pages"}],"about":[{"href":"https:\/\/www.fsg-zi-hi-ho.de\/FSG\/wp-json\/wp\/v2\/types\/page"}],"author":[{"embeddable":true,"href":"https:\/\/www.fsg-zi-hi-ho.de\/FSG\/wp-json\/wp\/v2\/users\/1"}],"replies":[{"embeddable":true,"href":"https:\/\/www.fsg-zi-hi-ho.de\/FSG\/wp-json\/wp\/v2\/comments?post=15"}],"version-history":[{"count":11,"href":"https:\/\/www.fsg-zi-hi-ho.de\/FSG\/wp-json\/wp\/v2\/pages\/15\/revisions"}],"predecessor-version":[{"id":8765,"href":"https:\/\/www.fsg-zi-hi-ho.de\/FSG\/wp-json\/wp\/v2\/pages\/15\/revisions\/8765"}],"wp:attachment":[{"href":"https:\/\/www.fsg-zi-hi-ho.de\/FSG\/wp-json\/wp\/v2\/media?parent=15"}],"curies":[{"name":"wp","href":"https:\/\/api.w.org\/{rel}","templated":true}]}}