{"id":1541,"date":"2013-01-24T08:18:21","date_gmt":"2013-01-24T07:18:21","guid":{"rendered":"http:\/\/www.fsg-zi-hi-ho.de\/FSG\/?page_id=1541"},"modified":"2020-01-16T18:16:08","modified_gmt":"2020-01-16T17:16:08","slug":"mitgliedsantrag-2","status":"publish","type":"page","link":"https:\/\/www.fsg-zi-hi-ho.de\/FSG\/mitgliedsantrag-2\/","title":{"rendered":"Mitgliedsantrag"},"content":{"rendered":"<p>Durch den Beitritt zum F\u00f6rderverein FSG Jugend k\u00f6nnen Sie den Verein in seiner Jugendarbeit unterst\u00fctzen. Ihr wertvoller Mitgliedsbeitrag oder Spendenbetrag* wird direkt den jungen Sportlern und Sportlerinnen zu Gute kommen.<\/p>\n<p>Die Kosten f\u00fcr einen Jugendspieler belaufen sich pro Saison auf ca. 120,- \u20ac. Bei einem j\u00e4hrlichen Mitgliedsbeitrag von 40,- \u20ac bleibt eine deutliche Kostenunterdeckung f\u00fcr die FSG.<\/p>\n<p><strong>Wussten Sie eigentlich schon, dass die FSG \u2026<\/strong><\/p>\n<ul>\n<li>12 Jugendteams (Jungen und M\u00e4dchen) betreut<\/li>\n<li>\u00fcber 25 engagierte Trainer und Betreuer f\u00fcr die Jugendmannschaften stellt<\/li>\n<li>ca. 100 Trainingseinheiten pro Monat mit den Jugendlichen durchf\u00fchrt<\/li>\n<\/ul>\n<p>* Der Spendenbetrag kann in Ihrer Steuererkl\u00e4rung abgesetzt werden.<br \/>\n(Kontoauszug ist als Nachweis ausreichend)<\/p>\n<div class=\"ead-preview\"><div class=\"ead-document\" style=\"position: relative;padding-top: 90%;\"><div class=\"ead-iframe-wrapper\"><iframe src=\"\/\/docs.google.com\/viewer?url=https%3A%2F%2Fwww.fsg-zi-hi-ho.de%2Fwp-content%2Fuploads%2FMitgliedsantrag-F%C3%B6rderverein_2019.pdf&amp;embedded=true&amp;hl=en\" title=\"Eingebettetes Dokument\" class=\"ead-iframe\" style=\"width: 100%;height: 100%;border: none;position: absolute;left: 0;top: 0;visibility: hidden;\"><\/iframe><\/div>\t\t\t<div class=\"ead-document-loading\" style=\"width:100%;height:100%;position:absolute;left:0;top:0;z-index:10;\">\n\t\t\t\t<div class=\"ead-loading-wrap\">\n\t\t\t\t\t<div class=\"ead-loading-main\">\n\t\t\t\t\t\t<div class=\"ead-loading\">\n\t\t\t\t\t\t\t<img loading=\"lazy\" decoding=\"async\" src=\"https:\/\/www.fsg-zi-hi-ho.de\/wp-content\/plugins\/embed-any-document\/images\/loading.svg\" width=\"55\" height=\"55\" alt=\"Loader\">\n\t\t\t\t\t\t\t<span>Wird geladen\u00a0\u2026<\/span>\n\t\t\t\t\t\t<\/div>\n\t\t\t\t\t<\/div>\n\t\t\t\t\t<div class=\"ead-loading-foot\">\n\t\t\t\t\t\t<div class=\"ead-loading-foot-title\">\n\t\t\t\t\t\t\t<img loading=\"lazy\" decoding=\"async\" src=\"https:\/\/www.fsg-zi-hi-ho.de\/wp-content\/plugins\/embed-any-document\/images\/EAD-logo.svg\" alt=\"EAD-Logo\" width=\"36\" height=\"23\"\/>\n\t\t\t\t\t\t\t<span>Es dauert zu lange?<\/span>\n\t\t\t\t\t\t<\/div>\n\t\t\t\t\t\t<p>\n\t\t\t\t\t\t\t<div class=\"ead-document-btn ead-reload-btn\" role=\"button\">\n\t\t\t\t\t\t\t\t<img loading=\"lazy\" decoding=\"async\" src=\"https:\/\/www.fsg-zi-hi-ho.de\/wp-content\/plugins\/embed-any-document\/images\/reload.svg\" alt=\"Neu laden\" width=\"12\" height=\"12\"\/> Dokument neu laden\t\t\t\t\t\t\t<\/div>\n\t\t\t\t\t\t\t<span>|<\/span>\n\t\t\t\t\t\t\t<a href=\"https:\/\/www.fsg-zi-hi-ho.de\/wp-content\/uploads\/Mitgliedsantrag-F\u00f6rderverein_2019.pdf\" class=\"ead-document-btn\" target=\"_blank\">\n\t\t\t\t\t\t\t\t<img loading=\"lazy\" decoding=\"async\" src=\"https:\/\/www.fsg-zi-hi-ho.de\/wp-content\/plugins\/embed-any-document\/images\/open.svg\" alt=\"\u00d6ffnen\" width=\"12\" height=\"12\"\/> In einem neuen Tab \u00f6ffnen\t\t\t\t\t\t\t<\/a>\n\t\t\t\t\t<\/div>\n\t\t\t\t<\/div>\n\t\t\t<\/div>\n\t\t<\/div><p class=\"embed_download\"><a href=\"https:\/\/www.fsg-zi-hi-ho.de\/wp-content\/uploads\/Mitgliedsantrag-F\u00f6rderverein_2019.pdf\" download>Herunterladen [832.40 KB] <\/a><\/p><\/div>\n","protected":false},"excerpt":{"rendered":"<p>Durch den Beitritt zum F\u00f6rderverein FSG Jugend k\u00f6nnen Sie den Verein in seiner Jugendarbeit unterst\u00fctzen. Ihr wertvoller Mitgliedsbeitrag oder Spendenbetrag* wird direkt den jungen Sportlern [&#8230;]<\/p>\n","protected":false},"author":1,"featured_media":0,"parent":0,"menu_order":48,"comment_status":"closed","ping_status":"closed","template":"","meta":{"footnotes":""},"class_list":["post-1541","page","type-page","status-publish","hentry"],"_links":{"self":[{"href":"https:\/\/www.fsg-zi-hi-ho.de\/FSG\/wp-json\/wp\/v2\/pages\/1541","targetHints":{"allow":["GET"]}}],"collection":[{"href":"https:\/\/www.fsg-zi-hi-ho.de\/FSG\/wp-json\/wp\/v2\/pages"}],"about":[{"href":"https:\/\/www.fsg-zi-hi-ho.de\/FSG\/wp-json\/wp\/v2\/types\/page"}],"author":[{"embeddable":true,"href":"https:\/\/www.fsg-zi-hi-ho.de\/FSG\/wp-json\/wp\/v2\/users\/1"}],"replies":[{"embeddable":true,"href":"https:\/\/www.fsg-zi-hi-ho.de\/FSG\/wp-json\/wp\/v2\/comments?post=1541"}],"version-history":[{"count":23,"href":"https:\/\/www.fsg-zi-hi-ho.de\/FSG\/wp-json\/wp\/v2\/pages\/1541\/revisions"}],"predecessor-version":[{"id":8744,"href":"https:\/\/www.fsg-zi-hi-ho.de\/FSG\/wp-json\/wp\/v2\/pages\/1541\/revisions\/8744"}],"wp:attachment":[{"href":"https:\/\/www.fsg-zi-hi-ho.de\/FSG\/wp-json\/wp\/v2\/media?parent=1541"}],"curies":[{"name":"wp","href":"https:\/\/api.w.org\/{rel}","templated":true}]}}