{"id":172,"date":"2012-08-28T07:46:20","date_gmt":"2012-08-28T05:46:20","guid":{"rendered":"http:\/\/test.fsg-zi-hi-ho.de\/?page_id=172"},"modified":"2023-11-23T16:39:03","modified_gmt":"2023-11-23T15:39:03","slug":"mitgliedsantrag","status":"publish","type":"page","link":"https:\/\/www.fsg-zi-hi-ho.de\/FSG\/mitgliedsantrag\/","title":{"rendered":"Mitgliedsantrag"},"content":{"rendered":"<p>Sie m\u00f6chten Mitglied bei der FSG Zizenhausen-Hindelwangen-Hoppetenzell werden?<\/p>\n<p>Dann sind Sie hier richtig. Sind auch Sie dabei im Kreise von ca. 500 weiteren Vereinsmitgliedern!<\/p>\n<p>Wir freuen uns \u00fcber jedes weitere Mitglied, da wir \u00fcber den Mitgliedsbeitrag einen Teil der Kosten f\u00fcr die Vielzahl an Spielerinnen und Spieler decken k\u00f6nnen.<\/p>\n<p>Drucken Sie den Mitgliedsantrag einfach aus, tragen Sie Ihre Daten ein, unterschreiben Sie den Antrag an den 3 gekennzeichneten Stellen und geben ihn dann an uns weiter.<\/p>\n<p><strong>Pers\u00f6nlich:<\/strong><br \/>\n\u00dcbergabe an einen Verantwortlichen (Trainer, Vorstandsmitglied)<\/p>\n<p><strong>Per Post:<\/strong><br \/>\nFSG Zizenhausen-Hindelwangen-Hoppetenzell e.V.<br \/>\nRainer B\u00fchler<br \/>\nSteinb\u00fchlstr. 6<br \/>\n78357 M\u00fchlingen<\/p>\n<p><strong>Per Email:<\/strong><br \/>\nmitgliedsantrag(at)fsg-zi-hi-ho.de<\/p>\n<p>&nbsp;<\/p>\n<p><a href=\"https:\/\/www.fsg-zi-hi-ho.de\/wp-content\/uploads\/FSG-Aufnahmeantrag-2.pdf\">FSG-Aufnahmeantrag<\/a><\/p>\n<div class=\"ead-preview\"><div class=\"ead-document\" style=\"position: relative;padding-top: 90%;\"><div class=\"ead-iframe-wrapper\"><iframe src=\"\/\/docs.google.com\/viewer?url=https%3A%2F%2Fwww.fsg-zi-hi-ho.de%2Fwp-content%2Fuploads%2FFSG-Aufnahmeantrag-2.pdf&amp;embedded=true&amp;hl=en\" title=\"Eingebettetes Dokument\" class=\"ead-iframe\" style=\"width: 100%;height: 100%;border: none;position: absolute;left: 0;top: 0;visibility: hidden;\"><\/iframe><\/div>\t\t\t<div class=\"ead-document-loading\" style=\"width:100%;height:100%;position:absolute;left:0;top:0;z-index:10;\">\n\t\t\t\t<div class=\"ead-loading-wrap\">\n\t\t\t\t\t<div class=\"ead-loading-main\">\n\t\t\t\t\t\t<div class=\"ead-loading\">\n\t\t\t\t\t\t\t<img loading=\"lazy\" decoding=\"async\" src=\"https:\/\/www.fsg-zi-hi-ho.de\/wp-content\/plugins\/embed-any-document\/images\/loading.svg\" width=\"55\" height=\"55\" alt=\"Loader\">\n\t\t\t\t\t\t\t<span>Wird geladen\u00a0\u2026<\/span>\n\t\t\t\t\t\t<\/div>\n\t\t\t\t\t<\/div>\n\t\t\t\t\t<div class=\"ead-loading-foot\">\n\t\t\t\t\t\t<div class=\"ead-loading-foot-title\">\n\t\t\t\t\t\t\t<img loading=\"lazy\" decoding=\"async\" src=\"https:\/\/www.fsg-zi-hi-ho.de\/wp-content\/plugins\/embed-any-document\/images\/EAD-logo.svg\" alt=\"EAD-Logo\" width=\"36\" height=\"23\"\/>\n\t\t\t\t\t\t\t<span>Es dauert zu lange?<\/span>\n\t\t\t\t\t\t<\/div>\n\t\t\t\t\t\t<p>\n\t\t\t\t\t\t\t<div class=\"ead-document-btn ead-reload-btn\" role=\"button\">\n\t\t\t\t\t\t\t\t<img loading=\"lazy\" decoding=\"async\" src=\"https:\/\/www.fsg-zi-hi-ho.de\/wp-content\/plugins\/embed-any-document\/images\/reload.svg\" alt=\"Neu laden\" width=\"12\" height=\"12\"\/> Dokument neu laden\t\t\t\t\t\t\t<\/div>\n\t\t\t\t\t\t\t<span>|<\/span>\n\t\t\t\t\t\t\t<a href=\"https:\/\/www.fsg-zi-hi-ho.de\/wp-content\/uploads\/FSG-Aufnahmeantrag-2.pdf\" class=\"ead-document-btn\" target=\"_blank\">\n\t\t\t\t\t\t\t\t<img loading=\"lazy\" decoding=\"async\" src=\"https:\/\/www.fsg-zi-hi-ho.de\/wp-content\/plugins\/embed-any-document\/images\/open.svg\" alt=\"\u00d6ffnen\" width=\"12\" height=\"12\"\/> In einem neuen Tab \u00f6ffnen\t\t\t\t\t\t\t<\/a>\n\t\t\t\t\t<\/div>\n\t\t\t\t<\/div>\n\t\t\t<\/div>\n\t\t<\/div><p class=\"embed_download\"><a href=\"https:\/\/www.fsg-zi-hi-ho.de\/wp-content\/uploads\/FSG-Aufnahmeantrag-2.pdf\" download>Herunterladen [474.28 KB] <\/a><\/p><\/div>\n","protected":false},"excerpt":{"rendered":"<p>Sie m\u00f6chten Mitglied bei der FSG Zizenhausen-Hindelwangen-Hoppetenzell werden? Dann sind Sie hier richtig. Sind auch Sie dabei im Kreise von ca. 500 weiteren Vereinsmitgliedern! Wir [&#8230;]<\/p>\n","protected":false},"author":1,"featured_media":0,"parent":0,"menu_order":92,"comment_status":"closed","ping_status":"closed","template":"","meta":{"footnotes":""},"class_list":["post-172","page","type-page","status-publish","hentry"],"_links":{"self":[{"href":"https:\/\/www.fsg-zi-hi-ho.de\/FSG\/wp-json\/wp\/v2\/pages\/172","targetHints":{"allow":["GET"]}}],"collection":[{"href":"https:\/\/www.fsg-zi-hi-ho.de\/FSG\/wp-json\/wp\/v2\/pages"}],"about":[{"href":"https:\/\/www.fsg-zi-hi-ho.de\/FSG\/wp-json\/wp\/v2\/types\/page"}],"author":[{"embeddable":true,"href":"https:\/\/www.fsg-zi-hi-ho.de\/FSG\/wp-json\/wp\/v2\/users\/1"}],"replies":[{"embeddable":true,"href":"https:\/\/www.fsg-zi-hi-ho.de\/FSG\/wp-json\/wp\/v2\/comments?post=172"}],"version-history":[{"count":35,"href":"https:\/\/www.fsg-zi-hi-ho.de\/FSG\/wp-json\/wp\/v2\/pages\/172\/revisions"}],"predecessor-version":[{"id":10682,"href":"https:\/\/www.fsg-zi-hi-ho.de\/FSG\/wp-json\/wp\/v2\/pages\/172\/revisions\/10682"}],"wp:attachment":[{"href":"https:\/\/www.fsg-zi-hi-ho.de\/FSG\/wp-json\/wp\/v2\/media?parent=172"}],"curies":[{"name":"wp","href":"https:\/\/api.w.org\/{rel}","templated":true}]}}