{"id":18,"date":"2012-08-26T20:59:04","date_gmt":"2012-08-26T18:59:04","guid":{"rendered":"http:\/\/test.fsg-zi-hi-ho.de\/?page_id=18"},"modified":"2025-09-23T10:39:28","modified_gmt":"2025-09-23T08:39:28","slug":"erste-mannschaft","status":"publish","type":"page","link":"https:\/\/www.fsg-zi-hi-ho.de\/FSG\/aktive\/erste-mannschaft\/","title":{"rendered":"Erste Mannschaft"},"content":{"rendered":"<p><strong>Saison 25\/26 \u2022 Kreisliga A \u2022 Staffel 2<br \/>\n<\/strong><\/p>\n<table style=\"border-collapse: collapse; width: 100%;\">\n<tbody>\n<tr>\n<td style=\"width: 342.75px; border-style: hidden; text-align: center;\"><a href=\"#Kader\">Kader<\/a><\/td>\n<td style=\"width: 342.75px; border-style: hidden; text-align: center;\"><a href=\"#Trainingszeiten\">Trainingszeiten| Trainer<\/a><\/td>\n<td style=\"width: 342.75px; border-style: hidden; text-align: center;\"><a href=\"#Herren_01_ErgTab\">Ergebnisse | Tabelle<\/a><\/td>\n<td style=\"width: 342.75px; border-style: hidden; text-align: center;\"><\/td>\n<\/tr>\n<\/tbody>\n<\/table>\n<hr \/>\n<h2><strong><a id=\"Kader\"><\/a>Kader<\/strong><\/h2>\n<p><a href=\"https:\/\/www.fsg-zi-hi-ho.de\/wp-content\/uploads\/erste2025.jpg\"><img loading=\"lazy\" decoding=\"async\" class=\"alignnone size-full wp-image-10934\" src=\"https:\/\/www.fsg-zi-hi-ho.de\/wp-content\/uploads\/erste2025.jpg\" alt=\"\" width=\"1024\" height=\"768\" srcset=\"https:\/\/www.fsg-zi-hi-ho.de\/wp-content\/uploads\/erste2025.jpg 1024w, https:\/\/www.fsg-zi-hi-ho.de\/wp-content\/uploads\/erste2025-300x225.jpg 300w, https:\/\/www.fsg-zi-hi-ho.de\/wp-content\/uploads\/erste2025-150x113.jpg 150w, https:\/\/www.fsg-zi-hi-ho.de\/wp-content\/uploads\/erste2025-768x576.jpg 768w\" sizes=\"auto, (max-width: 1024px) 100vw, 1024px\" \/><\/a><\/p>\n<p>Zum Vergr\u00f6\u00dfern klicken<\/p>\n<p><strong>stehend v.l.n.r.:<br \/>\n<\/strong><\/p>\n<p>Vorstand Rainer B\u00fchler, <span style=\"font-size: 16px;\">Sportvorstand<\/span> Harald Gr\u00f6mminger,\u00a0 Mahmood Imad Idan, Artem Smetanin, Alexander Lukanowski,\u00a0 Kapit\u00e4n Nicolas Gohl,\u00a0 Markus Ellenberger, Marc Matt, Andre Matt, Trainer Daniel Matt, Co- Trainer Patric Reuter<\/p>\n<p><strong>sitzend v.l.n.r.:<br \/>\n<\/strong><\/p>\n<p>Jan Biller, Niklas Laible, Emanuele Gerola, Dominik Schneble,\u00a0 Jannik Reichelt, Marian Honold, Ralf Mattes,\u00a0 Patrick Zwochner, Salar Mustafa<\/p>\n<p><strong>Auf dem Foto fehlen:<br \/>\n<\/strong><\/p>\n<hr \/>\n<h2><strong><a id=\"Trainingszeiten\"><\/a>Trainingszeiten | Trainer<\/strong><\/h2>\n<table style=\"border-collapse: collapse; width: 100%;\">\n<tbody>\n<tr>\n<td style=\"width: 50%; border-style: none;\">Dienstag und Freitag<br \/>\n19:00 Uhr<br \/>\nZizenhausen<\/td>\n<td style=\"width: 50%; border-style: none;\"><strong>Trainer:<\/strong> Daniel Matt<br \/>\n<strong>Co-Trainer: <\/strong>Patrick Reuter<br \/>\n<strong>Betreuer:<\/strong> Simon Knecht<\/td>\n<\/tr>\n<\/tbody>\n<\/table>\n<hr \/>\n<h2><a id=\"Herren_01_ErgTab\"><\/a><strong>Ergebnisse | Tabelle<\/strong><\/h2>\n<p><code><div class=\"fussballde_widget include-fussball-de-widgets\"  data-id=\"79dc24a1-d750-4353-b365-8b712fb42cb0\"  data-type=\"competition\"><\/div>\n<br \/>\n<\/code><\/p>\n<p>&nbsp;<\/p>\n<p>&nbsp;<\/p>\n<p>&nbsp;<\/p>\n<p>&nbsp;<\/p>\n<hr \/>\n<h2><strong>\u00a0<\/strong><\/h2>\n<table style=\"border-style: none; height: 648px; width: 100%;\" border=\"0\">\n<tbody>\n<tr style=\"height: 24px;\">\n<td style=\"width: 19.7368%; height: 24px; border-style: none;\"><\/td>\n<td style=\"width: 68.3198%; height: 24px; border-style: none;\"><\/td>\n<td style=\"width: 11.336%; height: 24px; border-style: none;\"><\/td>\n<\/tr>\n<tr style=\"height: 24px;\">\n<td style=\"width: 19.7368%; border-style: none; height: 24px;\"><\/td>\n<td style=\"width: 68.3198%; border-style: none; height: 24px;\"><\/td>\n<td style=\"width: 11.336%; border-style: none; height: 24px;\"><\/td>\n<\/tr>\n<tr>\n<td style=\"width: 19.7368%; border-style: none;\"><\/td>\n<td style=\"width: 68.3198%; border-style: none;\"><\/td>\n<td style=\"width: 11.336%; border-style: none;\"><\/td>\n<\/tr>\n<tr style=\"height: 24px;\">\n<td style=\"width: 19.7368%; height: 24px; border-style: none;\"><\/td>\n<td style=\"width: 68.3198%; height: 24px; border-style: none;\"><\/td>\n<td style=\"width: 11.336%; height: 24px; border-style: none;\"><\/td>\n<\/tr>\n<tr style=\"height: 24px;\">\n<td style=\"width: 19.7368%; height: 24px; border-style: none;\"><\/td>\n<td style=\"width: 68.3198%; height: 24px; border-style: none;\"><\/td>\n<td style=\"width: 11.336%; height: 24px; border-style: none;\"><\/td>\n<\/tr>\n<tr style=\"height: 24px;\">\n<td style=\"width: 19.7368%; height: 24px; border-style: none;\"><\/td>\n<td style=\"width: 68.3198%; height: 24px; border-style: none;\"><\/td>\n<td style=\"width: 11.336%; height: 24px; border-style: none;\"><\/td>\n<\/tr>\n<tr style=\"height: 24px;\">\n<td style=\"width: 19.7368%; height: 24px; border-style: none;\"><\/td>\n<td style=\"width: 68.3198%; height: 24px; border-style: none;\"><\/td>\n<td style=\"width: 11.336%; height: 24px; border-style: none;\"><\/td>\n<\/tr>\n<tr style=\"height: 24px;\">\n<td style=\"width: 19.7368%; height: 24px; border-style: none;\"><\/td>\n<td style=\"width: 68.3198%; height: 24px; border-style: none;\"><\/td>\n<td style=\"width: 11.336%; height: 24px; border-style: none;\"><\/td>\n<\/tr>\n<tr style=\"height: 24px;\">\n<td style=\"width: 19.7368%; height: 24px; border-style: none;\"><\/td>\n<td style=\"width: 68.3198%; height: 24px; border-style: none;\"><\/td>\n<td style=\"width: 11.336%; height: 24px; border-style: none;\"><\/td>\n<\/tr>\n<tr style=\"height: 24px;\">\n<td style=\"width: 19.7368%; height: 24px; border-style: none;\"><\/td>\n<td style=\"width: 68.3198%; height: 24px; border-style: none;\"><\/td>\n<td style=\"width: 11.336%; height: 24px; border-style: none;\"><\/td>\n<\/tr>\n<tr style=\"height: 24px;\">\n<td style=\"width: 19.7368%; height: 24px; border-style: none;\"><\/td>\n<td style=\"width: 68.3198%; height: 24px; border-style: none;\"><\/td>\n<td style=\"width: 11.336%; height: 24px; border-style: none;\"><\/td>\n<\/tr>\n<tr style=\"height: 24px;\">\n<td style=\"width: 19.7368%; height: 24px; border-style: none;\"><\/td>\n<td style=\"width: 68.3198%; height: 24px; border-style: none;\"><\/td>\n<td style=\"width: 11.336%; height: 24px; border-style: none;\"><\/td>\n<\/tr>\n<tr style=\"height: 24px;\">\n<td style=\"width: 19.7368%; height: 24px; border-style: none;\"><\/td>\n<td style=\"width: 68.3198%; height: 24px; border-style: none;\"><\/td>\n<td style=\"width: 11.336%; height: 24px; border-style: none;\"><\/td>\n<\/tr>\n<tr style=\"height: 24px;\">\n<td style=\"width: 19.7368%; height: 24px; border-style: none;\"><\/td>\n<td style=\"width: 68.3198%; height: 24px; border-style: none;\"><\/td>\n<td style=\"width: 11.336%; height: 24px; border-style: none;\"><\/td>\n<\/tr>\n<tr style=\"height: 24px;\">\n<td style=\"width: 19.7368%; height: 24px; border-style: none;\"><\/td>\n<td style=\"width: 68.3198%; height: 24px; border-style: none;\"><\/td>\n<td style=\"width: 11.336%; height: 24px; border-style: none;\"><\/td>\n<\/tr>\n<tr style=\"height: 24px;\">\n<td style=\"width: 19.7368%; height: 24px; border-style: none;\"><\/td>\n<td style=\"width: 68.3198%; height: 24px; border-style: none;\"><\/td>\n<td style=\"width: 11.336%; height: 24px; border-style: none;\"><\/td>\n<\/tr>\n<tr style=\"height: 24px;\">\n<td style=\"width: 19.7368%; height: 24px; border-style: none;\"><\/td>\n<td style=\"width: 68.3198%; height: 24px; border-style: none;\"><\/td>\n<td style=\"width: 11.336%; height: 24px; border-style: none;\"><\/td>\n<\/tr>\n<tr style=\"height: 24px;\">\n<td style=\"width: 19.7368%; height: 24px; border-style: none;\"><\/td>\n<td style=\"width: 68.3198%; height: 24px; border-style: none;\"><\/td>\n<td style=\"width: 11.336%; height: 24px; border-style: none;\"><\/td>\n<\/tr>\n<tr style=\"height: 24px;\">\n<td style=\"width: 19.7368%; height: 24px; border-style: none;\"><\/td>\n<td style=\"width: 68.3198%; height: 24px; border-style: none;\"><\/td>\n<td style=\"width: 11.336%; height: 24px; border-style: none;\"><\/td>\n<\/tr>\n<tr style=\"height: 24px;\">\n<td style=\"width: 19.7368%; height: 24px; border-style: none;\"><\/td>\n<td style=\"width: 68.3198%; height: 24px; border-style: none;\"><\/td>\n<td style=\"width: 11.336%; height: 24px; border-style: none;\"><\/td>\n<\/tr>\n<tr style=\"height: 24px;\">\n<td style=\"width: 19.7368%; height: 24px; border-style: none;\"><\/td>\n<td style=\"width: 68.3198%; height: 24px; border-style: none;\"><\/td>\n<td style=\"width: 11.336%; height: 24px; border-style: none;\"><\/td>\n<\/tr>\n<tr style=\"height: 24px;\">\n<td style=\"width: 19.7368%; height: 24px; border-style: none;\"><\/td>\n<td style=\"width: 68.3198%; height: 24px; border-style: none;\"><\/td>\n<td style=\"width: 11.336%; height: 24px; border-style: none;\"><\/td>\n<\/tr>\n<tr style=\"height: 24px;\">\n<td style=\"width: 19.7368%; height: 24px; border-style: none;\"><\/td>\n<td style=\"width: 68.3198%; height: 24px; border-style: none;\"><\/td>\n<td style=\"width: 11.336%; height: 24px; border-style: none;\"><\/td>\n<\/tr>\n<tr style=\"height: 24px;\">\n<td style=\"width: 19.7368%; height: 24px; border-style: none;\"><\/td>\n<td style=\"width: 68.3198%; height: 24px; border-style: none;\"><\/td>\n<td style=\"width: 11.336%; height: 24px; border-style: none;\"><\/td>\n<\/tr>\n<tr style=\"height: 24px;\">\n<td style=\"width: 19.7368%; height: 24px; border-style: none;\"><\/td>\n<td style=\"width: 68.3198%; height: 24px; border-style: none;\"><\/td>\n<td style=\"width: 11.336%; height: 24px; border-style: none;\"><\/td>\n<\/tr>\n<tr style=\"height: 24px;\">\n<td style=\"width: 19.7368%; height: 24px; border-style: none;\"><\/td>\n<td style=\"width: 68.3198%; height: 24px; border-style: none;\"><\/td>\n<td style=\"width: 11.336%; height: 24px; border-style: none;\"><\/td>\n<\/tr>\n<tr style=\"height: 24px;\">\n<td style=\"width: 19.7368%; height: 24px; border-style: none;\"><\/td>\n<td style=\"width: 68.3198%; height: 24px; border-style: none;\"><\/td>\n<td style=\"width: 11.336%; height: 24px; border-style: none;\"><\/td>\n<\/tr>\n<tr style=\"height: 24px;\">\n<td style=\"width: 19.7368%; height: 24px; border-style: none;\"><\/td>\n<td style=\"width: 68.3198%; height: 24px; border-style: none;\"><\/td>\n<td style=\"width: 11.336%; height: 24px; border-style: none;\"><\/td>\n<\/tr>\n<\/tbody>\n<\/table>\n","protected":false},"excerpt":{"rendered":"<p>Saison 25\/26 \u2022 Kreisliga A \u2022 Staffel 2 Kader Trainingszeiten| Trainer Ergebnisse | Tabelle Kader Zum Vergr\u00f6\u00dfern klicken stehend v.l.n.r.: Vorstand Rainer B\u00fchler, Sportvorstand Harald [&#8230;]<\/p>\n","protected":false},"author":1,"featured_media":0,"parent":15,"menu_order":95,"comment_status":"closed","ping_status":"closed","template":"","meta":{"footnotes":""},"class_list":["post-18","page","type-page","status-publish","hentry"],"_links":{"self":[{"href":"https:\/\/www.fsg-zi-hi-ho.de\/FSG\/wp-json\/wp\/v2\/pages\/18","targetHints":{"allow":["GET"]}}],"collection":[{"href":"https:\/\/www.fsg-zi-hi-ho.de\/FSG\/wp-json\/wp\/v2\/pages"}],"about":[{"href":"https:\/\/www.fsg-zi-hi-ho.de\/FSG\/wp-json\/wp\/v2\/types\/page"}],"author":[{"embeddable":true,"href":"https:\/\/www.fsg-zi-hi-ho.de\/FSG\/wp-json\/wp\/v2\/users\/1"}],"replies":[{"embeddable":true,"href":"https:\/\/www.fsg-zi-hi-ho.de\/FSG\/wp-json\/wp\/v2\/comments?post=18"}],"version-history":[{"count":155,"href":"https:\/\/www.fsg-zi-hi-ho.de\/FSG\/wp-json\/wp\/v2\/pages\/18\/revisions"}],"predecessor-version":[{"id":10982,"href":"https:\/\/www.fsg-zi-hi-ho.de\/FSG\/wp-json\/wp\/v2\/pages\/18\/revisions\/10982"}],"up":[{"embeddable":true,"href":"https:\/\/www.fsg-zi-hi-ho.de\/FSG\/wp-json\/wp\/v2\/pages\/15"}],"wp:attachment":[{"href":"https:\/\/www.fsg-zi-hi-ho.de\/FSG\/wp-json\/wp\/v2\/media?parent=18"}],"curies":[{"name":"wp","href":"https:\/\/api.w.org\/{rel}","templated":true}]}}