{"id":23,"date":"2012-08-26T21:10:38","date_gmt":"2012-08-26T19:10:38","guid":{"rendered":"http:\/\/test.fsg-zi-hi-ho.de\/?page_id=23"},"modified":"2018-07-02T10:51:42","modified_gmt":"2018-07-02T08:51:42","slug":"galerie","status":"publish","type":"page","link":"https:\/\/www.fsg-zi-hi-ho.de\/FSG\/galerie\/","title":{"rendered":"Galerie"},"content":{"rendered":"<p>Hier erhalten Sie einen Eindruck aus unseren Feiern, Festen, Veranstaltungen und Spielen.<\/p>\n<p><strong>Neu:<\/strong><\/p>\n<table style=\"width: 600px;\">\n<tbody>\n<tr>\n<td style=\"width: 270.383px;\"><a href=\"https:\/\/www.fsg-zi-hi-ho.de\/FSG\/spiel-ohne-grenzen-2018\/\"><u><span style=\"color: #0066cc;\">Spiel ohne Grenzen (2018)<\/span><\/u><\/a><\/td>\n<\/tr>\n<\/tbody>\n<\/table>\n<p><strong>\u00c4lter:<\/strong><\/p>\n<table style=\"width: 600px;\">\n<tbody>\n<tr>\n<td><a href=\"https:\/\/www.fsg-zi-hi-ho.de\/FSG\/25-jahre-fsg\/\">25 Jahre FSG (2017)<\/a><\/td>\n<td><a href=\"https:\/\/www.fsg-zi-hi-ho.de\/FSG\/e-jugend-saisonabschluss-2016\/\"><u><span style=\"color: #0066cc;\">E-Jugend &#8211; Saisonabschluss (2016) \u00bb<\/span><\/u><\/a><\/td>\n<\/tr>\n<tr>\n<td><a href=\"https:\/\/www.fsg-zi-hi-ho.de\/FSG\/maedchenturnier-zum-10-jaehrigen-maedchenfussballjubilaeum\/\"><u><span style=\"color: #0066cc;\">M\u00e4dchenturnier zum 10-j\u00e4hrigen FSG M\u00e4dchenfu\u00dfballjubil\u00e4um (2016) \u00bb<\/span><\/u><\/a><\/td>\n<td><a href=\"https:\/\/www.fsg-zi-hi-ho.de\/FSG\/trainingswochenende-d-e-jugend-2015\/\"><u><span style=\"color: #0066cc;\">Trainingswochenende D- &amp; E-Jugend (2015) \u00bb<\/span><\/u><\/a><\/td>\n<\/tr>\n<tr>\n<td><a title=\"Trainingslager in Inzell\" href=\"https:\/\/www.fsg-zi-hi-ho.de\/FSG\/trainingslager-inzell\/\">Trainingslager in Inzell (Jugend) (2014) \u00bb<\/a><\/td>\n<td><a title=\"Neujahrsturnier 2014\" href=\"https:\/\/www.fsg-zi-hi-ho.de\/FSG\/neujahrsturnier-2014\/\">Neujahrsturnier (2014) \u00bb<\/a><\/td>\n<\/tr>\n<tr>\n<td><a title=\"Ausflug zum Oktoberfest Konstanz 2014\" href=\"https:\/\/www.fsg-zi-hi-ho.de\/FSG\/ausflug-zum-oktoberfest-konstanz-2014\/\">Oktoberfest Konstanz (2014) \u00bb<\/a><\/td>\n<td><a title=\"Gr\u00fcmpel- und Jugendturnier 2013\" href=\"https:\/\/www.fsg-zi-hi-ho.de\/FSG\/gumpel-und-jugendturnier-2013\/\">Gr\u00fcmpel- und Jugendturnier (2013) \u00bb<\/a><\/td>\n<\/tr>\n<tr>\n<td><a title=\"Gr\u00fcmpelturnier 2014\" href=\"https:\/\/www.fsg-zi-hi-ho.de\/FSG\/gruempelturnier-2014\/\">Gr\u00fcmpelturnier (2014) \u00bb<\/a><\/td>\n<td><a title=\"Neujahrsturnier 2013\" href=\"https:\/\/www.fsg-zi-hi-ho.de\/FSG\/neujahrsturnier-2013\/\">Neujahrsturnier (2013) \u00bb<\/a><\/td>\n<\/tr>\n<tr>\n<td><a title=\"Pokalsieg Damen 2014\" href=\"https:\/\/www.fsg-zi-hi-ho.de\/FSG\/pokalsieg-damen-2014\/\">Pokalsieg Damen (2014) \u00bb<\/a><\/td>\n<td><a title=\"Apres Ski Party 2012\" href=\"https:\/\/www.fsg-zi-hi-ho.de\/FSG\/galerie\/apres-ski-party-2012\/\">Apres Ski Party (2012) \u00bb<\/a><\/td>\n<\/tr>\n<tr>\n<td><a title=\"Meisterfeier 2014\" href=\"https:\/\/www.fsg-zi-hi-ho.de\/FSG\/meisterfeier-2014\/\">Meisterfeier (2014) \u00bb<\/a><\/td>\n<td><a title=\"Junioren-Turnier 2012\" href=\"https:\/\/www.fsg-zi-hi-ho.de\/FSG\/d-und-e-junioren-turnier\/\">Junioren-Turnier (2012) \u00bb<\/a><\/td>\n<\/tr>\n<\/tbody>\n<\/table>\n<p>&nbsp;<\/p>\n","protected":false},"excerpt":{"rendered":"<p>Hier erhalten Sie einen Eindruck aus unseren Feiern, Festen, Veranstaltungen und Spielen. Neu: Spiel ohne Grenzen (2018) \u00c4lter: 25 Jahre FSG (2017) E-Jugend &#8211; Saisonabschluss [&#8230;]<\/p>\n","protected":false},"author":1,"featured_media":0,"parent":0,"menu_order":94,"comment_status":"closed","ping_status":"closed","template":"","meta":{"footnotes":""},"class_list":["post-23","page","type-page","status-publish","hentry"],"_links":{"self":[{"href":"https:\/\/www.fsg-zi-hi-ho.de\/FSG\/wp-json\/wp\/v2\/pages\/23","targetHints":{"allow":["GET"]}}],"collection":[{"href":"https:\/\/www.fsg-zi-hi-ho.de\/FSG\/wp-json\/wp\/v2\/pages"}],"about":[{"href":"https:\/\/www.fsg-zi-hi-ho.de\/FSG\/wp-json\/wp\/v2\/types\/page"}],"author":[{"embeddable":true,"href":"https:\/\/www.fsg-zi-hi-ho.de\/FSG\/wp-json\/wp\/v2\/users\/1"}],"replies":[{"embeddable":true,"href":"https:\/\/www.fsg-zi-hi-ho.de\/FSG\/wp-json\/wp\/v2\/comments?post=23"}],"version-history":[{"count":26,"href":"https:\/\/www.fsg-zi-hi-ho.de\/FSG\/wp-json\/wp\/v2\/pages\/23\/revisions"}],"predecessor-version":[{"id":7472,"href":"https:\/\/www.fsg-zi-hi-ho.de\/FSG\/wp-json\/wp\/v2\/pages\/23\/revisions\/7472"}],"wp:attachment":[{"href":"https:\/\/www.fsg-zi-hi-ho.de\/FSG\/wp-json\/wp\/v2\/media?parent=23"}],"curies":[{"name":"wp","href":"https:\/\/api.w.org\/{rel}","templated":true}]}}