{"id":281,"date":"2012-08-28T22:09:19","date_gmt":"2012-08-28T20:09:19","guid":{"rendered":"http:\/\/test.fsg-zi-hi-ho.de\/?page_id=281"},"modified":"2023-08-16T15:40:15","modified_gmt":"2023-08-16T13:40:15","slug":"impressum","status":"publish","type":"page","link":"https:\/\/www.fsg-zi-hi-ho.de\/FSG\/impressum\/","title":{"rendered":"Impressum"},"content":{"rendered":"<p>FSG Zizenhausen-Hindelwangen-Hoppetenzell e.V.<br \/>\n78333 Stockach<\/p>\n<p><strong>Angaben gem\u00e4\u00df \u00a7 5 TMG<\/strong><br \/>\nDavid Fackler<br \/>\nTuttlinger Str. 123<br \/>\n78333 Stockach<\/p>\n<p><strong>Kontakt:<\/strong><br \/>\nE-Mail: dfackler(at)fsg-zi-hi-ho.de<\/p>\n<p><strong>Verantwortlich f\u00fcr den Inhalt:<\/strong><br \/>\nDavid Fackler<\/p>\n<p><strong>Verantwortlich f\u00fcr die Gestaltung:<\/strong><br \/>\nn.n.<br \/>\nE-Mail: admin(at)fsg-zi-hi-ho.de<\/p>\n<p>Matthias Schatz (Grafiken)<br \/>\n78333 Stockach<br \/>\nE-Mail: mschatz(at)fsg-zi-hi-ho.de<\/p>\n<p>Vereinsregister Amtsgericht Freiburg im Breisgau:<\/p>\n<p><strong>Online-Streitbeilegung<\/strong><br \/>\nDie Europ\u00e4ische Kommission stellt unter https:\/\/ec.europa.eu\/consumers\/odr\/ eine Plattform zur Online-Streitbeilegung bereit, die Verbraucher f\u00fcr die Beilegung einer Streitigkeit nutzen k\u00f6nnen und auf der weitere Informationen zum Thema Streitschlichtung zu finden sind.<\/p>\n<p><strong>Au\u00dfergerichtliche Streitbeilegung<\/strong><br \/>\nWir sind weder verpflichtet noch dazu bereit, im Falle einer Streitigkeit mit einem Verbraucher an einem Streitbeilegungsverfahren vor einer Verbraucherschlichtungsstelle teilzunehmen.<\/p>\n<p><strong>Haftungsausschluss<\/strong><\/p>\n<p><strong>Inhalte<\/strong><br \/>\nDie FSG Zizenhausen-Hindelwangen-Hoppetenzell \u00fcbernimmt trotz mehrmaliger \u00dcberpr\u00fcfung der Inhalte keine Gew\u00e4hr f\u00fcr die Aktualit\u00e4t, Richtigkeit, Vollst\u00e4ndigkeit oder Qualit\u00e4t der bereitgestellten Informationen.<\/p>\n<p>Haftungsanspr\u00fcche gegen die FSG Zizenhausen-Hindelwangen-Hoppetenzell, die sich auf Sch\u00e4den materieller oder ideeller Art beziehen, welche durch die Nutzung oder Nichtnutzung der dargebotenen Informationen oder durch fehlerhafte und unvollst\u00e4ndige Informationen verursacht wurden, sind grunds\u00e4tzlich ausgeschlossen, sofern seitens der\u00a0FSG Zizenhausen-Hindelwangen-Hoppetenzell kein nachweislich vors\u00e4tzliches oder grob fahrl\u00e4ssiges Verschulden vorliegt.<\/p>\n<p>Die\u00a0FSG Zizenhausen-Hindelwangen-Hoppetenzell beh\u00e4lt sich ausdr\u00fccklich das Recht vor, Teile der Seite oder das gesamte Angebot ohne vorherige Ank\u00fcndigung zu ver\u00e4ndern, zu erg\u00e4nzen, zu l\u00f6schen oder die Ver\u00f6ffentlichung einzustellen.<\/p>\n<p><strong>Links<\/strong><br \/>\nSofern die FSG Zizenhausen-Hindelwangen-Hoppetenzell direkt oder indirekt auf fremde Internetseiten verweist (\u201eLinks\u201d), haftet die FSG Zizenhausen-Hindelwangen-Hoppetenzell nur, wenn er von den Inhalten genaue Kenntnis hat und es ihm technisch m\u00f6glich und zumutbar ist, die Nutzung im Fall rechtswidriger Inhalte zu verhindern.<\/p>\n<p>Die\u00a0FSG Zizenhausen-Hindelwangen-Hoppetenzell erkl\u00e4rt hiermit ausdr\u00fccklich, dass zum Zeitpunkt der Linksetzung die verlinkten Seiten keine illegalen Inhalte enthalten haben. Die\u00a0FSG Zizenhausen-Hindelwangen-Hoppetenzell hat keinerlei Einfluss auf die aktuelle und zuk\u00fcnftige Gestaltung der verlinkten Seiten. Die\u00a0FSG Zizenhausen-Hindelwangen-Hoppetenzell distanziert sich daher hiermit ausdr\u00fccklich von allen inhaltlichen \u00c4nderungen, die nach der Linkssetzung auf den verlinkten Seiten vorgenommen werden.<\/p>\n<p>Die\u00a0FSG Zizenhausen-Hindelwangen-Hoppetenzell ist nicht verantwortlich f\u00fcr den Inhalt, die Verf\u00fcgbarkeit, die Richtigkeit und die Genauigkeit der verlinkten Seiten, deren Angebote, Links oder Werbeanzeigen. Die\u00a0FSG Zizenhausen-Hindelwangen-Hoppetenzell haftet nicht f\u00fcr illegale, fehlerhafte oder unvollst\u00e4ndige Inhalte und insbesondere nicht f\u00fcr Sch\u00e4den, die durch Nutzung oder Nichtnutzung der auf den verlinkten Seiten angebotenen Informationen entstehen.<\/p>\n<p><strong>Urheberrecht<\/strong><br \/>\nDie\u00a0FSG Zizenhausen-Hindelwangen-Hoppetenzell ist bestrebt, in allen Publikationen geltende Urheberrechte zu beachten. Sollte es trotzdem zu einer Urheberrechtsverletzung kommen, wird die\u00a0FSG Zizenhausen-Hindelwangen-Hoppetenzell das entsprechende Objekt nach Benachrichtigung aus seiner Publikation entfernen bzw. mit dem entsprechenden Urheberrecht kenntlich machen.<\/p>\n<p><strong>Datenschutz<\/strong><br \/>\n<a href=\"https:\/\/www.fsg-zi-hi-ho.de\/FSG\/datenschutzerklaerung\/\">Zur Datenschutzerkl\u00e4rung\u00a0\u00bb<\/a><\/p>\n","protected":false},"excerpt":{"rendered":"<p>FSG Zizenhausen-Hindelwangen-Hoppetenzell e.V. 78333 Stockach Angaben gem\u00e4\u00df \u00a7 5 TMG David Fackler Tuttlinger Str. 123 78333 Stockach Kontakt: E-Mail: dfackler(at)fsg-zi-hi-ho.de Verantwortlich f\u00fcr den Inhalt: David [&#8230;]<\/p>\n","protected":false},"author":1,"featured_media":0,"parent":0,"menu_order":80,"comment_status":"closed","ping_status":"closed","template":"","meta":{"footnotes":""},"class_list":["post-281","page","type-page","status-publish","hentry"],"_links":{"self":[{"href":"https:\/\/www.fsg-zi-hi-ho.de\/FSG\/wp-json\/wp\/v2\/pages\/281","targetHints":{"allow":["GET"]}}],"collection":[{"href":"https:\/\/www.fsg-zi-hi-ho.de\/FSG\/wp-json\/wp\/v2\/pages"}],"about":[{"href":"https:\/\/www.fsg-zi-hi-ho.de\/FSG\/wp-json\/wp\/v2\/types\/page"}],"author":[{"embeddable":true,"href":"https:\/\/www.fsg-zi-hi-ho.de\/FSG\/wp-json\/wp\/v2\/users\/1"}],"replies":[{"embeddable":true,"href":"https:\/\/www.fsg-zi-hi-ho.de\/FSG\/wp-json\/wp\/v2\/comments?post=281"}],"version-history":[{"count":21,"href":"https:\/\/www.fsg-zi-hi-ho.de\/FSG\/wp-json\/wp\/v2\/pages\/281\/revisions"}],"predecessor-version":[{"id":10522,"href":"https:\/\/www.fsg-zi-hi-ho.de\/FSG\/wp-json\/wp\/v2\/pages\/281\/revisions\/10522"}],"wp:attachment":[{"href":"https:\/\/www.fsg-zi-hi-ho.de\/FSG\/wp-json\/wp\/v2\/media?parent=281"}],"curies":[{"name":"wp","href":"https:\/\/api.w.org\/{rel}","templated":true}]}}