{"id":283,"date":"2012-08-28T22:13:57","date_gmt":"2012-08-28T20:13:57","guid":{"rendered":"http:\/\/test.fsg-zi-hi-ho.de\/?page_id=283"},"modified":"2020-01-20T19:42:13","modified_gmt":"2020-01-20T18:42:13","slug":"jugend","status":"publish","type":"page","link":"https:\/\/www.fsg-zi-hi-ho.de\/FSG\/jugend\/","title":{"rendered":"Jugend"},"content":{"rendered":"<p><strong>Junioren:<\/strong><\/p>\n<p>Erstmals im Jahr 2003 wurden bei der FSG Juniorenmannschaften f\u00fcr den Spielbetrieb gemeldet. Zuvor spielten die Juniorenteams noch in den jeweiligen Stammvereinen in Zizenhausen, Hindelwangen und Hoppetenzell. Auch zu dieser Zeit wurden schon Spielgemeinschaften untereinander gebildet. Eine Spielgemeinschaft mit dem VFR Stockach (ca. die H\u00e4lfte der Spieler stellte die FSG) f\u00fchrte zu einem der gr\u00f6\u00dften Erfolge unserer Jugendabteilung in der j\u00fcngeren Vergangenheit. Es wurde im Jahr 1996 die Meisterschaft in der Verbandsstaffel und somit der <strong>Aufstieg in die Jugendliga<\/strong> errungen.<\/p>\n<p>Aufgrund der immer geringer gewordenen Spielerzahlen nahm die FSG im Fr\u00fchjahr 2009 hinsichtlich der Bildung von Spielgemeinschaften f\u00fcr mehrere Juniorenteams Kontakt zu den Nachbarvereinen SG Zoznegg-Wintersp\u00fcren und SV Gallmannsweil auf. Es wurden erstmals f\u00fcr die Saison 2009\/2010 gemeinsame Mannschaften als Spielgemeinschaft gemeldet. Aufgrund von teilweisen Spielerengp\u00e4ssen in einzelnen Jahrg\u00e4ngen, wurden auch kurzfristige Kooperationen mit zus\u00e4tzlichen Vereinen gebildet.<\/p>\n<p>Um den Jugendspielbetrieb in allen Altersklassen langfristig sicherstellen zu k\u00f6nnen, wurde im Fr\u00fchjahr 2017 die Spielgemeinschaft neu ausgerichtet. Nach mehreren Gespr\u00e4chen mit den Nachbarvereinen VFR Stockach und SG Zoznegg Wintersp\u00fcren kamen die jeweiligen Verantwortlichen zum Entschluss, dass eine k\u00fcnftige Zusammenarbeit in den Jugendabteilungen f\u00fcr alle Vereine eine sehr gute und zukunftsorientierte L\u00f6sung ist. Seit der Saison 2017\/2018 wurde diese gemeinsame Spielgemeinschaft umgesetzt.<\/p>\n<p>Bei den kleinsten Spielerinnen und Spielern, den Bambinis und der F-Jugend, werden noch keine Spielgemeinschaften gebildet.<\/p>\n<p><strong>M\u00e4dchen:<\/strong><\/p>\n<p>Im Jahre 2006 wurde bei der FSG eine neue Sparte des Fu\u00dfballspielbetriebes gegr\u00fcndet. Es war die Geburtsstunde des M\u00e4dchenfu\u00dfballs mit einer <strong>B-M\u00e4dchen<\/strong> Mannschaft. Die Mannschaft wurde f\u00fcr den Spielbetrieb gemeldet, nachdem sich bereits seit Herbst 2005 fu\u00dfballinteressierte M\u00e4dchen regelm\u00e4\u00dfig zum Fu\u00dfballspielen trafen. Im Jahre 2009 wurden erstmals die <strong>C-M\u00e4dchen<\/strong> ins Leben gerufen. Seit der Saison 2009\/2010 agierte die FSG in einer Spielgemeinschaft mit der SG Heudorf-Honstetten. Um die M\u00e4dchenabteilung weiter zu st\u00e4rken, konnten 2012, bei einem \u201eSchnuppertag\u201c, gen\u00fcgend M\u00e4dchen f\u00fcr eine <strong>D-M\u00e4dchen<\/strong> Mannschaft gewonnen werden. Die D-M\u00e4dchen konnten seither allerdings nicht durchweg in jeder Saison zum Spielbetrieb gemeldet werden. Aktuell nimmt die FSG in allen 3 Altersklassen an den Saisonspielen teil und tr\u00e4gt ihre Heimspiele auf dem Sportgel\u00e4nde in Hindelwangen aus.<\/p>\n<p>Seit der Saison 2017\/2018 wird M\u00e4dchenfu\u00dfball nur noch unter dem Dach der FSG gespielt, da die Spielgemeinschaft mit der SG Heudorf-Honstetten aufgel\u00f6st wurde.<\/p>\n<p>Aktuell kann die FSG auf \u00fcber 120 Spielerinnen und Spieler im Jugendspielbetrieb stolz sein.<\/p>\n","protected":false},"excerpt":{"rendered":"<p>Junioren: Erstmals im Jahr 2003 wurden bei der FSG Juniorenmannschaften f\u00fcr den Spielbetrieb gemeldet. Zuvor spielten die Juniorenteams noch in den jeweiligen Stammvereinen in Zizenhausen, [&#8230;]<\/p>\n","protected":false},"author":1,"featured_media":0,"parent":0,"menu_order":79,"comment_status":"closed","ping_status":"closed","template":"","meta":{"footnotes":""},"class_list":["post-283","page","type-page","status-publish","hentry"],"_links":{"self":[{"href":"https:\/\/www.fsg-zi-hi-ho.de\/FSG\/wp-json\/wp\/v2\/pages\/283","targetHints":{"allow":["GET"]}}],"collection":[{"href":"https:\/\/www.fsg-zi-hi-ho.de\/FSG\/wp-json\/wp\/v2\/pages"}],"about":[{"href":"https:\/\/www.fsg-zi-hi-ho.de\/FSG\/wp-json\/wp\/v2\/types\/page"}],"author":[{"embeddable":true,"href":"https:\/\/www.fsg-zi-hi-ho.de\/FSG\/wp-json\/wp\/v2\/users\/1"}],"replies":[{"embeddable":true,"href":"https:\/\/www.fsg-zi-hi-ho.de\/FSG\/wp-json\/wp\/v2\/comments?post=283"}],"version-history":[{"count":69,"href":"https:\/\/www.fsg-zi-hi-ho.de\/FSG\/wp-json\/wp\/v2\/pages\/283\/revisions"}],"predecessor-version":[{"id":8751,"href":"https:\/\/www.fsg-zi-hi-ho.de\/FSG\/wp-json\/wp\/v2\/pages\/283\/revisions\/8751"}],"wp:attachment":[{"href":"https:\/\/www.fsg-zi-hi-ho.de\/FSG\/wp-json\/wp\/v2\/media?parent=283"}],"curies":[{"name":"wp","href":"https:\/\/api.w.org\/{rel}","templated":true}]}}