{"id":4928,"date":"2015-08-31T08:12:46","date_gmt":"2015-08-31T06:12:46","guid":{"rendered":"http:\/\/www.fsg-zi-hi-ho.de\/FSG\/?page_id=4928"},"modified":"2022-10-13T17:24:36","modified_gmt":"2022-10-13T15:24:36","slug":"fsg-aktuell","status":"publish","type":"page","link":"https:\/\/www.fsg-zi-hi-ho.de\/FSG\/fsg-aktuell\/","title":{"rendered":"FSG Aktuell"},"content":{"rendered":"<p>Unsere Stadionzeitschrift &#8222;FSG Aktuell&#8220; gibt es ab sofort auch zum Download!<\/p>\n<p>Bitte beachtet, dass es aufgrund der Dateigr\u00f6\u00dfe zu l\u00e4ngeren Ladezeiten kommen kann. Wir bitten um Verst\u00e4ndnis.<\/p>\n<h4><strong>Saison 2022\/2023<\/strong><\/h4>\n<p><img loading=\"lazy\" decoding=\"async\" class=\"alignnone size-full wp-image-1820\" src=\"https:\/\/www.fsg-zi-hi-ho.de\/wp-content\/uploads\/2013\/03\/Adobe_CreatePDF_icon.gif\" alt=\"Adobe_CreatePDF_icon\" width=\"20\" height=\"21\" \/> <a href=\"https:\/\/www.fsg-zi-hi-ho.de\/wp-content\/uploads\/FSG-Aktuell-2022-23_1-Ausgabe_DS.pdf\" target=\"_blank\" rel=\"noopener\">01. Ausgabe &#8211; 03. September 2022 &#8211; FSG Aktuell<\/a><\/p>\n<p><img loading=\"lazy\" decoding=\"async\" class=\"alignnone size-full wp-image-1820\" src=\"https:\/\/www.fsg-zi-hi-ho.de\/wp-content\/uploads\/2013\/03\/Adobe_CreatePDF_icon.gif\" alt=\"Adobe_CreatePDF_icon\" width=\"20\" height=\"21\" \/> <a href=\"https:\/\/www.fsg-zi-hi-ho.de\/wp-content\/uploads\/FSG-Aktuell-2022-23_2-Ausgabe_DS.pdf\" target=\"_blank\" rel=\"noopener\">02. Ausgabe &#8211; 17. September 2022 &#8211; FSG Aktuell<\/a><\/p>\n<p><img loading=\"lazy\" decoding=\"async\" class=\"alignnone size-full wp-image-1820\" src=\"https:\/\/www.fsg-zi-hi-ho.de\/wp-content\/uploads\/2013\/03\/Adobe_CreatePDF_icon.gif\" alt=\"Adobe_CreatePDF_icon\" width=\"20\" height=\"21\" \/> <a href=\"https:\/\/www.fsg-zi-hi-ho.de\/wp-content\/uploads\/FSG-Aktuell-2022-23_3-Ausgabe_DS.pdf\" target=\"_blank\" rel=\"noopener\">03. Ausgabe &#8211; 02. Oktober 2022 &#8211; FSG Aktuell<\/a><\/p>\n<p><img loading=\"lazy\" decoding=\"async\" class=\"alignnone size-full wp-image-1820\" src=\"https:\/\/www.fsg-zi-hi-ho.de\/wp-content\/uploads\/2013\/03\/Adobe_CreatePDF_icon.gif\" alt=\"Adobe_CreatePDF_icon\" width=\"20\" height=\"21\" \/> <a href=\"https:\/\/www.fsg-zi-hi-ho.de\/wp-content\/uploads\/FSG-Aktuell-2022-23_4-Ausgabe_DS.pdf\" target=\"_blank\" rel=\"noopener\">04. Ausgabe &#8211; 15. Oktober 2022 &#8211; FSG Aktuell<\/a><\/p>\n","protected":false},"excerpt":{"rendered":"<p>Unsere Stadionzeitschrift &#8222;FSG Aktuell&#8220; gibt es ab sofort auch zum Download! Bitte beachtet, dass es aufgrund der Dateigr\u00f6\u00dfe zu l\u00e4ngeren Ladezeiten kommen kann. Wir bitten [&#8230;]<\/p>\n","protected":false},"author":1,"featured_media":0,"parent":0,"menu_order":34,"comment_status":"closed","ping_status":"closed","template":"","meta":{"footnotes":""},"class_list":["post-4928","page","type-page","status-publish","hentry"],"_links":{"self":[{"href":"https:\/\/www.fsg-zi-hi-ho.de\/FSG\/wp-json\/wp\/v2\/pages\/4928","targetHints":{"allow":["GET"]}}],"collection":[{"href":"https:\/\/www.fsg-zi-hi-ho.de\/FSG\/wp-json\/wp\/v2\/pages"}],"about":[{"href":"https:\/\/www.fsg-zi-hi-ho.de\/FSG\/wp-json\/wp\/v2\/types\/page"}],"author":[{"embeddable":true,"href":"https:\/\/www.fsg-zi-hi-ho.de\/FSG\/wp-json\/wp\/v2\/users\/1"}],"replies":[{"embeddable":true,"href":"https:\/\/www.fsg-zi-hi-ho.de\/FSG\/wp-json\/wp\/v2\/comments?post=4928"}],"version-history":[{"count":74,"href":"https:\/\/www.fsg-zi-hi-ho.de\/FSG\/wp-json\/wp\/v2\/pages\/4928\/revisions"}],"predecessor-version":[{"id":9976,"href":"https:\/\/www.fsg-zi-hi-ho.de\/FSG\/wp-json\/wp\/v2\/pages\/4928\/revisions\/9976"}],"wp:attachment":[{"href":"https:\/\/www.fsg-zi-hi-ho.de\/FSG\/wp-json\/wp\/v2\/media?parent=4928"}],"curies":[{"name":"wp","href":"https:\/\/api.w.org\/{rel}","templated":true}]}}