{"id":493,"date":"2012-09-03T08:49:41","date_gmt":"2012-09-03T06:49:41","guid":{"rendered":"http:\/\/test.fsg-zi-hi-ho.de\/?page_id=493"},"modified":"2025-09-23T11:19:32","modified_gmt":"2025-09-23T09:19:32","slug":"vorstandschaft","status":"publish","type":"page","link":"https:\/\/www.fsg-zi-hi-ho.de\/FSG\/verein\/vorstandschaft\/","title":{"rendered":"Vorstandschaft"},"content":{"rendered":"<table style=\"border-style: none; width: 124.895%; height: 1882px;\" border=\"0\">\n<tbody>\n<tr style=\"height: 130px;\">\n<td style=\"width: 27.8246%; border-style: none; height: 130px;\"><img loading=\"lazy\" decoding=\"async\" class=\"size-full wp-image-5492 alignnone\" src=\"https:\/\/www.fsg-zi-hi-ho.de\/wp-content\/uploads\/Rainer-B\u00fchler.jpg\" alt=\"Rainer-B\u00fchler\" width=\"100\" height=\"130\" \/><\/td>\n<td style=\"width: 72.1754%; border-style: none; height: 130px;\"><span style=\"color: #008000;\"><strong>1. Vorstand<\/strong><\/span><br \/>\nRainer B\u00fchler<br \/>\nE-Mail: rbuehler(at)fsg-zi-hi-ho.de<\/td>\n<\/tr>\n<tr style=\"height: 130px;\">\n<td style=\"width: 27.8246%; border-style: none; height: 130px;\"><img loading=\"lazy\" decoding=\"async\" class=\"wp-image-5098 size-full alignnone\" src=\"https:\/\/www.fsg-zi-hi-ho.de\/wp-content\/uploads\/juergen-winkler1.jpg\" alt=\"juergen-winkler\" width=\"100\" height=\"130\" \/><\/td>\n<td style=\"width: 72.1754%; border-style: none; height: 130px;\"><span style=\"color: #008000;\"><strong>2. Vorstand<\/strong><\/span><br \/>\nJ\u00fcrgen Winkler<br \/>\nE-Mail: jwinkler(at)fsg-zi-hi-ho.de<\/td>\n<\/tr>\n<tr style=\"height: 130px;\">\n<td style=\"width: 27.8246%; border-style: none; height: 130px;\"><img loading=\"lazy\" decoding=\"async\" class=\"alignnone size-full wp-image-5490\" src=\"https:\/\/www.fsg-zi-hi-ho.de\/wp-content\/uploads\/David-Fackler.jpg\" alt=\"\" width=\"100\" height=\"130\" \/><\/td>\n<td style=\"width: 72.1754%; border-style: none; height: 130px;\"><strong><span style=\"color: #008000;\">Gesch\u00e4ftsf\u00fchrer<\/span><br \/>\n<\/strong>David Fackler<br \/>\nE-Mail: dfackler(at)fsg-zi-hi-ho.de<strong><br \/>\n<\/strong><\/td>\n<\/tr>\n<tr style=\"height: 130px;\">\n<td style=\"width: 27.8246%; border-style: none; height: 130px;\"><img loading=\"lazy\" decoding=\"async\" class=\"alignnone size-full wp-image-3930\" src=\"https:\/\/www.fsg-zi-hi-ho.de\/wp-content\/uploads\/Jasmin-Bold.jpg\" alt=\"\" width=\"100\" height=\"130\" \/><\/td>\n<td style=\"width: 72.1754%; border-style: none; height: 130px;\"><span style=\"color: #008000;\"><strong>Schriftf\u00fchrerin<\/strong><\/span><br \/>\nJasmin Bold<br \/>\nE-Mail: jbold(at)fsg-zi-hi-ho.de<\/td>\n<\/tr>\n<tr style=\"height: 130px;\">\n<td style=\"width: 27.8246%; border-style: none; height: 130px;\"><img loading=\"lazy\" decoding=\"async\" class=\"alignnone size-full wp-image-3512\" src=\"https:\/\/www.fsg-zi-hi-ho.de\/wp-content\/uploads\/2012\/08\/Benni-Engst.jpg\" alt=\"Benni Engst\" width=\"105\" height=\"130\" \/><\/td>\n<td style=\"width: 72.1754%; border-style: none; height: 130px;\"><strong><span style=\"color: #008000;\">Hauptkassier<\/span><br \/>\n<\/strong>Benjamin Engst<br \/>\nE-Mail: bengst(at)fsg-zi-hi-ho.de<\/td>\n<\/tr>\n<tr style=\"height: 130px;\">\n<td style=\"width: 27.8246%; border-style: none; height: 130px;\"><\/td>\n<td style=\"width: 72.1754%; border-style: none; height: 130px;\"><strong><span style=\"color: #008000;\">2. Kassiererinn<\/span><br \/>\n<\/strong>Julia Romahn<br \/>\nE-Mail:<\/td>\n<\/tr>\n<tr style=\"height: 130px;\">\n<td style=\"width: 27.8246%; border-style: none; height: 130px;\"><a href=\"https:\/\/www.fsg-zi-hi-ho.de\/wp-content\/uploads\/Harald-1-scaled.jpg\"><img loading=\"lazy\" decoding=\"async\" class=\"alignnone wp-image-10896\" src=\"https:\/\/www.fsg-zi-hi-ho.de\/wp-content\/uploads\/Harald-1-scaled.jpg\" alt=\"\" width=\"99\" height=\"128\" srcset=\"https:\/\/www.fsg-zi-hi-ho.de\/wp-content\/uploads\/Harald-1-scaled.jpg 1982w, https:\/\/www.fsg-zi-hi-ho.de\/wp-content\/uploads\/Harald-1-232x300.jpg 232w, https:\/\/www.fsg-zi-hi-ho.de\/wp-content\/uploads\/Harald-1-793x1024.jpg 793w, https:\/\/www.fsg-zi-hi-ho.de\/wp-content\/uploads\/Harald-1-116x150.jpg 116w, https:\/\/www.fsg-zi-hi-ho.de\/wp-content\/uploads\/Harald-1-768x992.jpg 768w, https:\/\/www.fsg-zi-hi-ho.de\/wp-content\/uploads\/Harald-1-1189x1536.jpg 1189w, https:\/\/www.fsg-zi-hi-ho.de\/wp-content\/uploads\/Harald-1-1585x2048.jpg 1585w, https:\/\/www.fsg-zi-hi-ho.de\/wp-content\/uploads\/Harald-1-1800x2325.jpg 1800w\" sizes=\"auto, (max-width: 99px) 100vw, 99px\" \/><\/a><\/td>\n<td style=\"width: 72.1754%; border-style: none; height: 130px;\"><strong><span style=\"color: #008000;\">Abteilungsleiter Fu\u00dfball<\/span><br \/>\n<\/strong>Harald Gr\u00f6mminger<br \/>\nE-Mail: <a href=\"mailto:Harald.Groemminger@t-online.de\">Harald.Groemminger@t-online.de<\/a><br \/>\nHandy-Nummer 0151\/15591177<\/td>\n<\/tr>\n<tr style=\"height: 130px;\">\n<td style=\"width: 27.8246%; border-style: none; height: 130px;\"><img loading=\"lazy\" decoding=\"async\" class=\"size-full wp-image-4680 alignnone\" src=\"https:\/\/www.fsg-zi-hi-ho.de\/wp-content\/uploads\/dirk-valentin.jpg\" alt=\"dirk-valentin\" width=\"100\" height=\"130\" \/><\/td>\n<td style=\"width: 72.1754%; border-style: none; height: 130px;\"><strong><span style=\"color: #008000;\">stv. Abteilungsleiter Fu\u00dfball<\/span><br \/>\n<\/strong>Dirk Valentin<br \/>\nE-Mail: dvalentin(at)fsg-zi-hi-ho.de<\/td>\n<\/tr>\n<tr style=\"height: 133px;\">\n<td style=\"width: 27.8246%; border-style: none; height: 133px;\"><\/td>\n<td style=\"width: 72.1754%; border-style: none; height: 133px;\"><strong><span style=\"color: #008000;\">Jugendleiterin<\/span><br \/>\n<\/strong>Anne-Catrin Roth<br \/>\nE-Mail: anneroth91@gmail.com<\/td>\n<\/tr>\n<tr style=\"height: 54px;\">\n<td style=\"width: 27.8246%; border-style: none; height: 54px;\"><a href=\"https:\/\/www.fsg-zi-hi-ho.de\/wp-content\/uploads\/2012\/08\/David-Benkler.jpg\"><img loading=\"lazy\" decoding=\"async\" class=\"alignnone size-full wp-image-3513\" src=\"https:\/\/www.fsg-zi-hi-ho.de\/wp-content\/uploads\/2012\/08\/David-Benkler.jpg\" alt=\"\" width=\"105\" height=\"130\" \/><\/a><\/td>\n<td style=\"width: 72.1754%; border-style: none; height: 54px;\"><strong><span style=\"color: #008000;\">stv. Jugendleiter<\/span><br \/>\n<\/strong>David Benkler<br \/>\nE-Mail: dbenkler(at)fsg-zi-hi-ho.de<strong><br \/>\n<\/strong><\/td>\n<\/tr>\n<tr style=\"height: 130px;\">\n<td style=\"width: 27.8246%; border-style: none; height: 130px;\"><img loading=\"lazy\" decoding=\"async\" class=\"alignnone size-full wp-image-6512\" src=\"https:\/\/www.fsg-zi-hi-ho.de\/wp-content\/uploads\/Matze-Schatz.jpg\" alt=\"\" width=\"99\" height=\"130\" \/><\/td>\n<td style=\"width: 72.1754%; border-style: none; height: 130px;\"><strong><span style=\"color: #008000;\">Pressewart<\/span><br \/>\n<\/strong>Matthias Schatz<br \/>\nE-Mail: mschatz(at)fsg-zi-hi-ho.de<strong><br \/>\n<\/strong><\/td>\n<\/tr>\n<tr style=\"height: 130px;\">\n<td style=\"width: 27.8246%; border-style: none; height: 130px;\"><img loading=\"lazy\" decoding=\"async\" class=\"size-full wp-image-4682 alignnone\" src=\"https:\/\/www.fsg-zi-hi-ho.de\/wp-content\/uploads\/robert-staedele.jpg\" alt=\"robert-staedele\" width=\"100\" height=\"130\" \/><\/td>\n<td style=\"width: 72.1754%; border-style: none; height: 130px;\"><strong><span style=\"color: #008000;\">Beisitzer<\/span><br \/>\n<\/strong>Robert St\u00e4dele<br \/>\nE-Mail: rstaedele(at)fsg-zi-hi-ho.de<strong><br \/>\n<\/strong><\/td>\n<\/tr>\n<tr style=\"height: 130px;\">\n<td style=\"width: 27.8246%; border-style: none; height: 130px;\"><\/td>\n<td style=\"width: 72.1754%; border-style: none; height: 130px;\"><strong><span style=\"color: #008000;\">Beisitzer<\/span><br \/>\n<\/strong>Nicolas Gohl<br \/>\nE-Mail: <strong><br \/>\n<\/strong><\/td>\n<\/tr>\n<tr style=\"height: 130px;\">\n<td style=\"width: 27.8246%; border-style: none; height: 130px;\"><img loading=\"lazy\" decoding=\"async\" class=\"alignnone size-full wp-image-6200\" src=\"https:\/\/www.fsg-zi-hi-ho.de\/wp-content\/uploads\/jessi_roth.jpg\" alt=\"\" width=\"100\" height=\"130\" \/><\/td>\n<td style=\"width: 72.1754%; border-style: none; height: 130px;\"><strong><span style=\"color: #008000;\">Beisitzer<\/span><br \/>\n<\/strong>Jessica Roth<br \/>\nE-Mail: jroth(at)fsg-zi-hi-ho.de<strong><br \/>\n<\/strong><\/td>\n<\/tr>\n<tr style=\"height: 135px;\">\n<td style=\"width: 27.8246%; border-style: none; height: 135px;\"><img loading=\"lazy\" decoding=\"async\" class=\"alignnone size-full wp-image-6847\" src=\"https:\/\/www.fsg-zi-hi-ho.de\/wp-content\/uploads\/klaus-kirschenmann.jpg\" alt=\"\" width=\"100\" height=\"135\" \/><\/td>\n<td style=\"width: 72.1754%; border-style: none; height: 135px;\"><strong><span style=\"color: #008000;\">Beisitzer<\/span><br \/>\n<\/strong>Klaus Kirschenmann<br \/>\nE-Mail: kkirschenmann(at)fsg-zi-hi-ho.de<strong><br \/>\n<\/strong><\/td>\n<\/tr>\n<\/tbody>\n<\/table>\n","protected":false},"excerpt":{"rendered":"<p>1. Vorstand Rainer B\u00fchler E-Mail: rbuehler(at)fsg-zi-hi-ho.de 2. Vorstand J\u00fcrgen Winkler E-Mail: jwinkler(at)fsg-zi-hi-ho.de Gesch\u00e4ftsf\u00fchrer David Fackler E-Mail: dfackler(at)fsg-zi-hi-ho.de Schriftf\u00fchrerin Jasmin Bold E-Mail: jbold(at)fsg-zi-hi-ho.de Hauptkassier Benjamin Engst [&#8230;]<\/p>\n","protected":false},"author":1,"featured_media":0,"parent":2,"menu_order":0,"comment_status":"closed","ping_status":"closed","template":"","meta":{"footnotes":""},"class_list":["post-493","page","type-page","status-publish","hentry"],"_links":{"self":[{"href":"https:\/\/www.fsg-zi-hi-ho.de\/FSG\/wp-json\/wp\/v2\/pages\/493","targetHints":{"allow":["GET"]}}],"collection":[{"href":"https:\/\/www.fsg-zi-hi-ho.de\/FSG\/wp-json\/wp\/v2\/pages"}],"about":[{"href":"https:\/\/www.fsg-zi-hi-ho.de\/FSG\/wp-json\/wp\/v2\/types\/page"}],"author":[{"embeddable":true,"href":"https:\/\/www.fsg-zi-hi-ho.de\/FSG\/wp-json\/wp\/v2\/users\/1"}],"replies":[{"embeddable":true,"href":"https:\/\/www.fsg-zi-hi-ho.de\/FSG\/wp-json\/wp\/v2\/comments?post=493"}],"version-history":[{"count":125,"href":"https:\/\/www.fsg-zi-hi-ho.de\/FSG\/wp-json\/wp\/v2\/pages\/493\/revisions"}],"predecessor-version":[{"id":10986,"href":"https:\/\/www.fsg-zi-hi-ho.de\/FSG\/wp-json\/wp\/v2\/pages\/493\/revisions\/10986"}],"up":[{"embeddable":true,"href":"https:\/\/www.fsg-zi-hi-ho.de\/FSG\/wp-json\/wp\/v2\/pages\/2"}],"wp:attachment":[{"href":"https:\/\/www.fsg-zi-hi-ho.de\/FSG\/wp-json\/wp\/v2\/media?parent=493"}],"curies":[{"name":"wp","href":"https:\/\/api.w.org\/{rel}","templated":true}]}}