{"id":5855,"date":"2016-08-19T12:36:18","date_gmt":"2016-08-19T10:36:18","guid":{"rendered":"http:\/\/www.fsg-zi-hi-ho.de\/FSG\/?page_id=5855"},"modified":"2016-08-19T12:41:36","modified_gmt":"2016-08-19T10:41:36","slug":"maedchenturnier-zum-10-jaehrigen-maedchenfussballjubilaeum","status":"publish","type":"page","link":"https:\/\/www.fsg-zi-hi-ho.de\/FSG\/maedchenturnier-zum-10-jaehrigen-maedchenfussballjubilaeum\/","title":{"rendered":"M\u00e4dchenturnier zum 10-j\u00e4hrigen M\u00e4dchenfu\u00dfballjubil\u00e4um"},"content":{"rendered":"<div id='gallery-1' class='gallery galleryid-5855 gallery-columns-3 gallery-size-thumbnail'><figure class='gallery-item'>\n\t\t\t<div class='gallery-icon landscape'>\n\t\t\t\t<a href='https:\/\/www.fsg-zi-hi-ho.de\/wp-content\/uploads\/Maedchen-Turnier-10Jahre-Jubilaeum-01.jpg'><img loading=\"lazy\" decoding=\"async\" width=\"150\" height=\"113\" src=\"https:\/\/www.fsg-zi-hi-ho.de\/wp-content\/uploads\/Maedchen-Turnier-10Jahre-Jubilaeum-01-150x113.jpg\" class=\"attachment-thumbnail size-thumbnail\" alt=\"\" srcset=\"https:\/\/www.fsg-zi-hi-ho.de\/wp-content\/uploads\/Maedchen-Turnier-10Jahre-Jubilaeum-01-150x113.jpg 150w, https:\/\/www.fsg-zi-hi-ho.de\/wp-content\/uploads\/Maedchen-Turnier-10Jahre-Jubilaeum-01-300x225.jpg 300w, https:\/\/www.fsg-zi-hi-ho.de\/wp-content\/uploads\/Maedchen-Turnier-10Jahre-Jubilaeum-01-768x576.jpg 768w, https:\/\/www.fsg-zi-hi-ho.de\/wp-content\/uploads\/Maedchen-Turnier-10Jahre-Jubilaeum-01.jpg 960w\" sizes=\"auto, (max-width: 150px) 100vw, 150px\" \/><\/a>\n\t\t\t<\/div><\/figure><figure class='gallery-item'>\n\t\t\t<div class='gallery-icon landscape'>\n\t\t\t\t<a href='https:\/\/www.fsg-zi-hi-ho.de\/wp-content\/uploads\/Maedchen-Turnier-10Jahre-Jubilaeum-02.jpg'><img loading=\"lazy\" decoding=\"async\" width=\"150\" height=\"113\" src=\"https:\/\/www.fsg-zi-hi-ho.de\/wp-content\/uploads\/Maedchen-Turnier-10Jahre-Jubilaeum-02-150x113.jpg\" class=\"attachment-thumbnail size-thumbnail\" alt=\"\" srcset=\"https:\/\/www.fsg-zi-hi-ho.de\/wp-content\/uploads\/Maedchen-Turnier-10Jahre-Jubilaeum-02-150x113.jpg 150w, https:\/\/www.fsg-zi-hi-ho.de\/wp-content\/uploads\/Maedchen-Turnier-10Jahre-Jubilaeum-02-300x225.jpg 300w, https:\/\/www.fsg-zi-hi-ho.de\/wp-content\/uploads\/Maedchen-Turnier-10Jahre-Jubilaeum-02-768x576.jpg 768w, https:\/\/www.fsg-zi-hi-ho.de\/wp-content\/uploads\/Maedchen-Turnier-10Jahre-Jubilaeum-02.jpg 960w\" sizes=\"auto, (max-width: 150px) 100vw, 150px\" \/><\/a>\n\t\t\t<\/div><\/figure><figure class='gallery-item'>\n\t\t\t<div class='gallery-icon landscape'>\n\t\t\t\t<a href='https:\/\/www.fsg-zi-hi-ho.de\/wp-content\/uploads\/Maedchen-Turnier-10Jahre-Jubilaeum-03.jpg'><img loading=\"lazy\" decoding=\"async\" width=\"150\" height=\"101\" src=\"https:\/\/www.fsg-zi-hi-ho.de\/wp-content\/uploads\/Maedchen-Turnier-10Jahre-Jubilaeum-03-150x101.jpg\" class=\"attachment-thumbnail size-thumbnail\" alt=\"\" srcset=\"https:\/\/www.fsg-zi-hi-ho.de\/wp-content\/uploads\/Maedchen-Turnier-10Jahre-Jubilaeum-03-150x101.jpg 150w, https:\/\/www.fsg-zi-hi-ho.de\/wp-content\/uploads\/Maedchen-Turnier-10Jahre-Jubilaeum-03-300x203.jpg 300w, https:\/\/www.fsg-zi-hi-ho.de\/wp-content\/uploads\/Maedchen-Turnier-10Jahre-Jubilaeum-03-768x519.jpg 768w, https:\/\/www.fsg-zi-hi-ho.de\/wp-content\/uploads\/Maedchen-Turnier-10Jahre-Jubilaeum-03.jpg 960w\" sizes=\"auto, (max-width: 150px) 100vw, 150px\" \/><\/a>\n\t\t\t<\/div><\/figure><figure class='gallery-item'>\n\t\t\t<div class='gallery-icon landscape'>\n\t\t\t\t<a href='https:\/\/www.fsg-zi-hi-ho.de\/wp-content\/uploads\/Maedchen-Turnier-10Jahre-Jubilaeum-04.jpg'><img loading=\"lazy\" decoding=\"async\" width=\"150\" height=\"113\" src=\"https:\/\/www.fsg-zi-hi-ho.de\/wp-content\/uploads\/Maedchen-Turnier-10Jahre-Jubilaeum-04-150x113.jpg\" class=\"attachment-thumbnail size-thumbnail\" alt=\"\" srcset=\"https:\/\/www.fsg-zi-hi-ho.de\/wp-content\/uploads\/Maedchen-Turnier-10Jahre-Jubilaeum-04-150x113.jpg 150w, https:\/\/www.fsg-zi-hi-ho.de\/wp-content\/uploads\/Maedchen-Turnier-10Jahre-Jubilaeum-04-300x225.jpg 300w, https:\/\/www.fsg-zi-hi-ho.de\/wp-content\/uploads\/Maedchen-Turnier-10Jahre-Jubilaeum-04-768x576.jpg 768w, https:\/\/www.fsg-zi-hi-ho.de\/wp-content\/uploads\/Maedchen-Turnier-10Jahre-Jubilaeum-04.jpg 960w\" sizes=\"auto, (max-width: 150px) 100vw, 150px\" \/><\/a>\n\t\t\t<\/div><\/figure><figure class='gallery-item'>\n\t\t\t<div class='gallery-icon landscape'>\n\t\t\t\t<a href='https:\/\/www.fsg-zi-hi-ho.de\/wp-content\/uploads\/Maedchen-Turnier-10Jahre-Jubilaeum-05.jpg'><img loading=\"lazy\" decoding=\"async\" width=\"150\" height=\"113\" src=\"https:\/\/www.fsg-zi-hi-ho.de\/wp-content\/uploads\/Maedchen-Turnier-10Jahre-Jubilaeum-05-150x113.jpg\" class=\"attachment-thumbnail size-thumbnail\" alt=\"\" srcset=\"https:\/\/www.fsg-zi-hi-ho.de\/wp-content\/uploads\/Maedchen-Turnier-10Jahre-Jubilaeum-05-150x113.jpg 150w, https:\/\/www.fsg-zi-hi-ho.de\/wp-content\/uploads\/Maedchen-Turnier-10Jahre-Jubilaeum-05-300x225.jpg 300w, https:\/\/www.fsg-zi-hi-ho.de\/wp-content\/uploads\/Maedchen-Turnier-10Jahre-Jubilaeum-05-768x576.jpg 768w, https:\/\/www.fsg-zi-hi-ho.de\/wp-content\/uploads\/Maedchen-Turnier-10Jahre-Jubilaeum-05.jpg 960w\" sizes=\"auto, (max-width: 150px) 100vw, 150px\" \/><\/a>\n\t\t\t<\/div><\/figure><figure class='gallery-item'>\n\t\t\t<div class='gallery-icon landscape'>\n\t\t\t\t<a href='https:\/\/www.fsg-zi-hi-ho.de\/wp-content\/uploads\/Maedchen-Turnier-10Jahre-Jubilaeum-06.jpg'><img loading=\"lazy\" decoding=\"async\" width=\"150\" height=\"113\" src=\"https:\/\/www.fsg-zi-hi-ho.de\/wp-content\/uploads\/Maedchen-Turnier-10Jahre-Jubilaeum-06-150x113.jpg\" class=\"attachment-thumbnail size-thumbnail\" alt=\"\" srcset=\"https:\/\/www.fsg-zi-hi-ho.de\/wp-content\/uploads\/Maedchen-Turnier-10Jahre-Jubilaeum-06-150x113.jpg 150w, https:\/\/www.fsg-zi-hi-ho.de\/wp-content\/uploads\/Maedchen-Turnier-10Jahre-Jubilaeum-06-300x225.jpg 300w, https:\/\/www.fsg-zi-hi-ho.de\/wp-content\/uploads\/Maedchen-Turnier-10Jahre-Jubilaeum-06-768x576.jpg 768w, https:\/\/www.fsg-zi-hi-ho.de\/wp-content\/uploads\/Maedchen-Turnier-10Jahre-Jubilaeum-06.jpg 960w\" sizes=\"auto, (max-width: 150px) 100vw, 150px\" \/><\/a>\n\t\t\t<\/div><\/figure><figure class='gallery-item'>\n\t\t\t<div class='gallery-icon landscape'>\n\t\t\t\t<a href='https:\/\/www.fsg-zi-hi-ho.de\/wp-content\/uploads\/Maedchen-Turnier-10Jahre-Jubilaeum-07.jpg'><img loading=\"lazy\" decoding=\"async\" width=\"150\" height=\"113\" src=\"https:\/\/www.fsg-zi-hi-ho.de\/wp-content\/uploads\/Maedchen-Turnier-10Jahre-Jubilaeum-07-150x113.jpg\" class=\"attachment-thumbnail size-thumbnail\" alt=\"\" srcset=\"https:\/\/www.fsg-zi-hi-ho.de\/wp-content\/uploads\/Maedchen-Turnier-10Jahre-Jubilaeum-07-150x113.jpg 150w, https:\/\/www.fsg-zi-hi-ho.de\/wp-content\/uploads\/Maedchen-Turnier-10Jahre-Jubilaeum-07-300x225.jpg 300w, https:\/\/www.fsg-zi-hi-ho.de\/wp-content\/uploads\/Maedchen-Turnier-10Jahre-Jubilaeum-07-768x576.jpg 768w, https:\/\/www.fsg-zi-hi-ho.de\/wp-content\/uploads\/Maedchen-Turnier-10Jahre-Jubilaeum-07.jpg 960w\" sizes=\"auto, (max-width: 150px) 100vw, 150px\" \/><\/a>\n\t\t\t<\/div><\/figure><figure class='gallery-item'>\n\t\t\t<div class='gallery-icon landscape'>\n\t\t\t\t<a href='https:\/\/www.fsg-zi-hi-ho.de\/wp-content\/uploads\/Maedchen-Turnier-10Jahre-Jubilaeum-08.jpg'><img loading=\"lazy\" decoding=\"async\" width=\"150\" height=\"113\" src=\"https:\/\/www.fsg-zi-hi-ho.de\/wp-content\/uploads\/Maedchen-Turnier-10Jahre-Jubilaeum-08-150x113.jpg\" class=\"attachment-thumbnail size-thumbnail\" alt=\"\" srcset=\"https:\/\/www.fsg-zi-hi-ho.de\/wp-content\/uploads\/Maedchen-Turnier-10Jahre-Jubilaeum-08-150x113.jpg 150w, https:\/\/www.fsg-zi-hi-ho.de\/wp-content\/uploads\/Maedchen-Turnier-10Jahre-Jubilaeum-08-300x225.jpg 300w, https:\/\/www.fsg-zi-hi-ho.de\/wp-content\/uploads\/Maedchen-Turnier-10Jahre-Jubilaeum-08-768x576.jpg 768w, https:\/\/www.fsg-zi-hi-ho.de\/wp-content\/uploads\/Maedchen-Turnier-10Jahre-Jubilaeum-08.jpg 960w\" sizes=\"auto, (max-width: 150px) 100vw, 150px\" \/><\/a>\n\t\t\t<\/div><\/figure><figure class='gallery-item'>\n\t\t\t<div class='gallery-icon landscape'>\n\t\t\t\t<a href='https:\/\/www.fsg-zi-hi-ho.de\/wp-content\/uploads\/Maedchen-Turnier-10Jahre-Jubilaeum-09.jpg'><img loading=\"lazy\" decoding=\"async\" width=\"150\" height=\"113\" src=\"https:\/\/www.fsg-zi-hi-ho.de\/wp-content\/uploads\/Maedchen-Turnier-10Jahre-Jubilaeum-09-150x113.jpg\" class=\"attachment-thumbnail size-thumbnail\" alt=\"\" srcset=\"https:\/\/www.fsg-zi-hi-ho.de\/wp-content\/uploads\/Maedchen-Turnier-10Jahre-Jubilaeum-09-150x113.jpg 150w, https:\/\/www.fsg-zi-hi-ho.de\/wp-content\/uploads\/Maedchen-Turnier-10Jahre-Jubilaeum-09-300x225.jpg 300w, https:\/\/www.fsg-zi-hi-ho.de\/wp-content\/uploads\/Maedchen-Turnier-10Jahre-Jubilaeum-09-768x576.jpg 768w, https:\/\/www.fsg-zi-hi-ho.de\/wp-content\/uploads\/Maedchen-Turnier-10Jahre-Jubilaeum-09.jpg 960w\" sizes=\"auto, (max-width: 150px) 100vw, 150px\" \/><\/a>\n\t\t\t<\/div><\/figure><figure class='gallery-item'>\n\t\t\t<div class='gallery-icon landscape'>\n\t\t\t\t<a href='https:\/\/www.fsg-zi-hi-ho.de\/wp-content\/uploads\/Maedchen-Turnier-10Jahre-Jubilaeum-10.jpg'><img loading=\"lazy\" decoding=\"async\" width=\"150\" height=\"113\" src=\"https:\/\/www.fsg-zi-hi-ho.de\/wp-content\/uploads\/Maedchen-Turnier-10Jahre-Jubilaeum-10-150x113.jpg\" class=\"attachment-thumbnail size-thumbnail\" alt=\"\" srcset=\"https:\/\/www.fsg-zi-hi-ho.de\/wp-content\/uploads\/Maedchen-Turnier-10Jahre-Jubilaeum-10-150x113.jpg 150w, https:\/\/www.fsg-zi-hi-ho.de\/wp-content\/uploads\/Maedchen-Turnier-10Jahre-Jubilaeum-10-300x225.jpg 300w, https:\/\/www.fsg-zi-hi-ho.de\/wp-content\/uploads\/Maedchen-Turnier-10Jahre-Jubilaeum-10-768x576.jpg 768w, https:\/\/www.fsg-zi-hi-ho.de\/wp-content\/uploads\/Maedchen-Turnier-10Jahre-Jubilaeum-10.jpg 960w\" sizes=\"auto, (max-width: 150px) 100vw, 150px\" \/><\/a>\n\t\t\t<\/div><\/figure><figure class='gallery-item'>\n\t\t\t<div class='gallery-icon landscape'>\n\t\t\t\t<a href='https:\/\/www.fsg-zi-hi-ho.de\/wp-content\/uploads\/Maedchen-Turnier-10Jahre-Jubilaeum-11.jpg'><img loading=\"lazy\" decoding=\"async\" width=\"150\" height=\"113\" src=\"https:\/\/www.fsg-zi-hi-ho.de\/wp-content\/uploads\/Maedchen-Turnier-10Jahre-Jubilaeum-11-150x113.jpg\" class=\"attachment-thumbnail size-thumbnail\" alt=\"\" srcset=\"https:\/\/www.fsg-zi-hi-ho.de\/wp-content\/uploads\/Maedchen-Turnier-10Jahre-Jubilaeum-11-150x113.jpg 150w, https:\/\/www.fsg-zi-hi-ho.de\/wp-content\/uploads\/Maedchen-Turnier-10Jahre-Jubilaeum-11-300x225.jpg 300w, https:\/\/www.fsg-zi-hi-ho.de\/wp-content\/uploads\/Maedchen-Turnier-10Jahre-Jubilaeum-11-768x576.jpg 768w, https:\/\/www.fsg-zi-hi-ho.de\/wp-content\/uploads\/Maedchen-Turnier-10Jahre-Jubilaeum-11.jpg 960w\" sizes=\"auto, (max-width: 150px) 100vw, 150px\" \/><\/a>\n\t\t\t<\/div><\/figure><figure class='gallery-item'>\n\t\t\t<div class='gallery-icon landscape'>\n\t\t\t\t<a href='https:\/\/www.fsg-zi-hi-ho.de\/wp-content\/uploads\/Maedchen-Turnier-10Jahre-Jubilaeum-12.jpg'><img loading=\"lazy\" decoding=\"async\" width=\"150\" height=\"113\" src=\"https:\/\/www.fsg-zi-hi-ho.de\/wp-content\/uploads\/Maedchen-Turnier-10Jahre-Jubilaeum-12-150x113.jpg\" class=\"attachment-thumbnail size-thumbnail\" alt=\"\" srcset=\"https:\/\/www.fsg-zi-hi-ho.de\/wp-content\/uploads\/Maedchen-Turnier-10Jahre-Jubilaeum-12-150x113.jpg 150w, https:\/\/www.fsg-zi-hi-ho.de\/wp-content\/uploads\/Maedchen-Turnier-10Jahre-Jubilaeum-12-300x225.jpg 300w, https:\/\/www.fsg-zi-hi-ho.de\/wp-content\/uploads\/Maedchen-Turnier-10Jahre-Jubilaeum-12-768x576.jpg 768w, https:\/\/www.fsg-zi-hi-ho.de\/wp-content\/uploads\/Maedchen-Turnier-10Jahre-Jubilaeum-12.jpg 960w\" sizes=\"auto, (max-width: 150px) 100vw, 150px\" \/><\/a>\n\t\t\t<\/div><\/figure><figure class='gallery-item'>\n\t\t\t<div class='gallery-icon landscape'>\n\t\t\t\t<a href='https:\/\/www.fsg-zi-hi-ho.de\/wp-content\/uploads\/Maedchen-Turnier-10Jahre-Jubilaeum-13.jpg'><img loading=\"lazy\" decoding=\"async\" width=\"150\" height=\"113\" src=\"https:\/\/www.fsg-zi-hi-ho.de\/wp-content\/uploads\/Maedchen-Turnier-10Jahre-Jubilaeum-13-150x113.jpg\" class=\"attachment-thumbnail size-thumbnail\" alt=\"\" srcset=\"https:\/\/www.fsg-zi-hi-ho.de\/wp-content\/uploads\/Maedchen-Turnier-10Jahre-Jubilaeum-13-150x113.jpg 150w, https:\/\/www.fsg-zi-hi-ho.de\/wp-content\/uploads\/Maedchen-Turnier-10Jahre-Jubilaeum-13-300x225.jpg 300w, https:\/\/www.fsg-zi-hi-ho.de\/wp-content\/uploads\/Maedchen-Turnier-10Jahre-Jubilaeum-13-768x576.jpg 768w, https:\/\/www.fsg-zi-hi-ho.de\/wp-content\/uploads\/Maedchen-Turnier-10Jahre-Jubilaeum-13.jpg 960w\" sizes=\"auto, (max-width: 150px) 100vw, 150px\" \/><\/a>\n\t\t\t<\/div><\/figure><figure class='gallery-item'>\n\t\t\t<div class='gallery-icon landscape'>\n\t\t\t\t<a href='https:\/\/www.fsg-zi-hi-ho.de\/wp-content\/uploads\/Maedchen-Turnier-10Jahre-Jubilaeum-14.jpg'><img loading=\"lazy\" decoding=\"async\" width=\"150\" height=\"113\" src=\"https:\/\/www.fsg-zi-hi-ho.de\/wp-content\/uploads\/Maedchen-Turnier-10Jahre-Jubilaeum-14-150x113.jpg\" class=\"attachment-thumbnail size-thumbnail\" alt=\"\" srcset=\"https:\/\/www.fsg-zi-hi-ho.de\/wp-content\/uploads\/Maedchen-Turnier-10Jahre-Jubilaeum-14-150x113.jpg 150w, https:\/\/www.fsg-zi-hi-ho.de\/wp-content\/uploads\/Maedchen-Turnier-10Jahre-Jubilaeum-14-300x225.jpg 300w, https:\/\/www.fsg-zi-hi-ho.de\/wp-content\/uploads\/Maedchen-Turnier-10Jahre-Jubilaeum-14-768x576.jpg 768w, https:\/\/www.fsg-zi-hi-ho.de\/wp-content\/uploads\/Maedchen-Turnier-10Jahre-Jubilaeum-14.jpg 960w\" sizes=\"auto, (max-width: 150px) 100vw, 150px\" \/><\/a>\n\t\t\t<\/div><\/figure><figure class='gallery-item'>\n\t\t\t<div class='gallery-icon landscape'>\n\t\t\t\t<a href='https:\/\/www.fsg-zi-hi-ho.de\/wp-content\/uploads\/Maedchen-Turnier-10Jahre-Jubilaeum-15.jpg'><img loading=\"lazy\" decoding=\"async\" width=\"150\" height=\"99\" src=\"https:\/\/www.fsg-zi-hi-ho.de\/wp-content\/uploads\/Maedchen-Turnier-10Jahre-Jubilaeum-15-150x99.jpg\" class=\"attachment-thumbnail size-thumbnail\" alt=\"\" srcset=\"https:\/\/www.fsg-zi-hi-ho.de\/wp-content\/uploads\/Maedchen-Turnier-10Jahre-Jubilaeum-15-150x99.jpg 150w, https:\/\/www.fsg-zi-hi-ho.de\/wp-content\/uploads\/Maedchen-Turnier-10Jahre-Jubilaeum-15-300x199.jpg 300w, https:\/\/www.fsg-zi-hi-ho.de\/wp-content\/uploads\/Maedchen-Turnier-10Jahre-Jubilaeum-15-768x509.jpg 768w, https:\/\/www.fsg-zi-hi-ho.de\/wp-content\/uploads\/Maedchen-Turnier-10Jahre-Jubilaeum-15.jpg 960w\" sizes=\"auto, (max-width: 150px) 100vw, 150px\" \/><\/a>\n\t\t\t<\/div><\/figure><figure class='gallery-item'>\n\t\t\t<div class='gallery-icon landscape'>\n\t\t\t\t<a href='https:\/\/www.fsg-zi-hi-ho.de\/wp-content\/uploads\/Maedchen-Turnier-10Jahre-Jubilaeum-16.jpg'><img loading=\"lazy\" decoding=\"async\" width=\"150\" height=\"113\" src=\"https:\/\/www.fsg-zi-hi-ho.de\/wp-content\/uploads\/Maedchen-Turnier-10Jahre-Jubilaeum-16-150x113.jpg\" class=\"attachment-thumbnail size-thumbnail\" alt=\"\" srcset=\"https:\/\/www.fsg-zi-hi-ho.de\/wp-content\/uploads\/Maedchen-Turnier-10Jahre-Jubilaeum-16-150x113.jpg 150w, https:\/\/www.fsg-zi-hi-ho.de\/wp-content\/uploads\/Maedchen-Turnier-10Jahre-Jubilaeum-16-300x225.jpg 300w, https:\/\/www.fsg-zi-hi-ho.de\/wp-content\/uploads\/Maedchen-Turnier-10Jahre-Jubilaeum-16-768x576.jpg 768w, https:\/\/www.fsg-zi-hi-ho.de\/wp-content\/uploads\/Maedchen-Turnier-10Jahre-Jubilaeum-16.jpg 960w\" sizes=\"auto, (max-width: 150px) 100vw, 150px\" \/><\/a>\n\t\t\t<\/div><\/figure>\n\t\t<\/div>\n\n<p><a href=\"https:\/\/www.fsg-zi-hi-ho.de\/FSG\/galerie\/\"><strong>\u00ab Zur\u00fcck<\/strong><\/a><\/p>\n","protected":false},"excerpt":{"rendered":"<p>\u00ab Zur\u00fcck<\/p>\n","protected":false},"author":1,"featured_media":0,"parent":0,"menu_order":31,"comment_status":"closed","ping_status":"closed","template":"","meta":{"footnotes":""},"class_list":["post-5855","page","type-page","status-publish","hentry"],"_links":{"self":[{"href":"https:\/\/www.fsg-zi-hi-ho.de\/FSG\/wp-json\/wp\/v2\/pages\/5855","targetHints":{"allow":["GET"]}}],"collection":[{"href":"https:\/\/www.fsg-zi-hi-ho.de\/FSG\/wp-json\/wp\/v2\/pages"}],"about":[{"href":"https:\/\/www.fsg-zi-hi-ho.de\/FSG\/wp-json\/wp\/v2\/types\/page"}],"author":[{"embeddable":true,"href":"https:\/\/www.fsg-zi-hi-ho.de\/FSG\/wp-json\/wp\/v2\/users\/1"}],"replies":[{"embeddable":true,"href":"https:\/\/www.fsg-zi-hi-ho.de\/FSG\/wp-json\/wp\/v2\/comments?post=5855"}],"version-history":[{"count":2,"href":"https:\/\/www.fsg-zi-hi-ho.de\/FSG\/wp-json\/wp\/v2\/pages\/5855\/revisions"}],"predecessor-version":[{"id":5875,"href":"https:\/\/www.fsg-zi-hi-ho.de\/FSG\/wp-json\/wp\/v2\/pages\/5855\/revisions\/5875"}],"wp:attachment":[{"href":"https:\/\/www.fsg-zi-hi-ho.de\/FSG\/wp-json\/wp\/v2\/media?parent=5855"}],"curies":[{"name":"wp","href":"https:\/\/api.w.org\/{rel}","templated":true}]}}