{"id":7052,"date":"2017-10-20T09:54:18","date_gmt":"2017-10-20T07:54:18","guid":{"rendered":"http:\/\/www.fsg-zi-hi-ho.de\/FSG\/?page_id=7052"},"modified":"2020-02-11T07:59:30","modified_gmt":"2020-02-11T06:59:30","slug":"unsere-schiedsrichter","status":"publish","type":"page","link":"https:\/\/www.fsg-zi-hi-ho.de\/FSG\/unsere-schiedsrichter\/","title":{"rendered":"Schiedsrichter"},"content":{"rendered":"<figure id=\"attachment_8780\" aria-describedby=\"caption-attachment-8780\" style=\"width: 600px\" class=\"wp-caption alignnone\"><a href=\"https:\/\/www.fsg-zi-hi-ho.de\/wp-content\/uploads\/Schiedsrichter-1024x768px.png\"><img loading=\"lazy\" decoding=\"async\" class=\"wp-image-8780\" src=\"https:\/\/www.fsg-zi-hi-ho.de\/wp-content\/uploads\/Schiedsrichter-1024x768px.png\" alt=\"\" width=\"600\" height=\"450\" srcset=\"https:\/\/www.fsg-zi-hi-ho.de\/wp-content\/uploads\/Schiedsrichter-1024x768px.png 2303w, https:\/\/www.fsg-zi-hi-ho.de\/wp-content\/uploads\/Schiedsrichter-1024x768px-300x225.png 300w, https:\/\/www.fsg-zi-hi-ho.de\/wp-content\/uploads\/Schiedsrichter-1024x768px-1024x768.png 1024w, https:\/\/www.fsg-zi-hi-ho.de\/wp-content\/uploads\/Schiedsrichter-1024x768px-150x112.png 150w, https:\/\/www.fsg-zi-hi-ho.de\/wp-content\/uploads\/Schiedsrichter-1024x768px-768x576.png 768w, https:\/\/www.fsg-zi-hi-ho.de\/wp-content\/uploads\/Schiedsrichter-1024x768px-1536x1152.png 1536w, https:\/\/www.fsg-zi-hi-ho.de\/wp-content\/uploads\/Schiedsrichter-1024x768px-2048x1536.png 2048w\" sizes=\"auto, (max-width: 600px) 100vw, 600px\" \/><\/a><figcaption id=\"caption-attachment-8780\" class=\"wp-caption-text\">Zum Vergr\u00f6\u00dfern klicken<\/figcaption><\/figure>\n<p><strong>Auf dem Foto (v.l.n.r.):<\/strong><br \/>\nEdgar Schaffart, Armando L\u00f6ffler, Uwe Schaffart, Patrick Schaffart, Edwin Thum<\/p>\n<p>Die FSG hat mit Uwe Schaffart, Armando L\u00f6ffler, Edwin Thum und Patrick Schaffart 4 aktive Schiedsrichter, die ganzj\u00e4hrig eine gro\u00dfe Anzahl von Saisonspielen leiten. Wir sind stolz darauf 4 engagierte Schiedsrichter in unseren Reihen zu haben. Sie f\u00fchren die langj\u00e4hrige Tradition, immer gen\u00fcgend Schiedsrichter zu haben, bei der FSG fort. Stellvertretend hierf\u00fcr kann Edgar Schaffart genannt werden, der \u00fcber 53 Jahre als Schiedsrichter f\u00fcr unseren Verein im Einsatz war und mittlerweile als Ehrenmitglied im \u201eSchiedsrichter-Ruhestand\u201c ist.<\/p>\n<p>Unsere 4 Schiedsrichter geh\u00f6ren der Schiedsrichter-Gruppe Stockach an. Ebenfalls sind die Schiedsrichter in das ganzj\u00e4hrige Vereinsleben bei der FSG integriert. Es kommen also auch die geselligen Veranstaltungen nicht zur kurz.<\/p>\n<p><span style=\"text-decoration: underline;\"><strong>\u201ePfeif auf alle\u201c \u2013 Werde Schiedsrichter!<\/strong><\/span><\/p>\n<p>Wir w\u00fcrden uns \u00fcber jeden Schiedsrichter (Mindestalter 14 Jahre) freuen, der unser \u201eSchiri-Team\u201c unterst\u00fctzt! Egal ob als bereits ausgebildeter Schiedsrichter oder als \u201eNeuling\u201c. Denn ohne Schiedsrichter geht es nicht!<br \/>\nAls Schiedsrichter k\u00f6nnen viele Verg\u00fcnstigungen und Vorteile vom S\u00fcdbadischen Fu\u00dfballverband und von der FSG in Anspruch genommen werden wie z.B.:<\/p>\n<ul>\n<li>Karrierechance als Schiedsrichter oder Linienrichter bis zur Bundesliga<\/li>\n<li>Aufbesserung Taschengeld \/ Spesen pro Spiel \u00a0(z.B. Kreisliga Herren ca. 50,- \u20ac \/ Jugendspiel ca 30,- \u20ac \/ Bundesligaspiel 5.000,- \u20ac)<\/li>\n<li>Teilnahme am Vereinsleben (Einladungen zu Vereinsveranstaltungen)<\/li>\n<li>Schiedsrichter-Outfit und Vereinssportbekleidung werden vom Verein gestellt<\/li>\n<li>freier Eintritt zu allen Fu\u00dfballspielen (von der Kreisliga bis zur Bundesliga)<\/li>\n<li>\u201eNeulinge\u201c werden durch erfahrenen Schiedsrichter betreut und begleitet<\/li>\n<li>Trotz Sportverletzung kann dem Hobby \u201eFu\u00dfball\u201c treu geblieben werden<\/li>\n<\/ul>\n<p><strong>Bist Du neugierig geworden? Dann melde Dich bei:<\/strong><\/p>\n<p>Uwe Schaffart<br \/>\nTel. : 07771 \/ 62113<br \/>\nEmail : uweschaffart(at)aol.com<\/p>\n","protected":false},"excerpt":{"rendered":"<p>Auf dem Foto (v.l.n.r.): Edgar Schaffart, Armando L\u00f6ffler, Uwe Schaffart, Patrick Schaffart, Edwin Thum Die FSG hat mit Uwe Schaffart, Armando L\u00f6ffler, Edwin Thum und [&#8230;]<\/p>\n","protected":false},"author":1,"featured_media":0,"parent":0,"menu_order":24,"comment_status":"closed","ping_status":"closed","template":"","meta":{"footnotes":""},"class_list":["post-7052","page","type-page","status-publish","hentry"],"_links":{"self":[{"href":"https:\/\/www.fsg-zi-hi-ho.de\/FSG\/wp-json\/wp\/v2\/pages\/7052","targetHints":{"allow":["GET"]}}],"collection":[{"href":"https:\/\/www.fsg-zi-hi-ho.de\/FSG\/wp-json\/wp\/v2\/pages"}],"about":[{"href":"https:\/\/www.fsg-zi-hi-ho.de\/FSG\/wp-json\/wp\/v2\/types\/page"}],"author":[{"embeddable":true,"href":"https:\/\/www.fsg-zi-hi-ho.de\/FSG\/wp-json\/wp\/v2\/users\/1"}],"replies":[{"embeddable":true,"href":"https:\/\/www.fsg-zi-hi-ho.de\/FSG\/wp-json\/wp\/v2\/comments?post=7052"}],"version-history":[{"count":8,"href":"https:\/\/www.fsg-zi-hi-ho.de\/FSG\/wp-json\/wp\/v2\/pages\/7052\/revisions"}],"predecessor-version":[{"id":8797,"href":"https:\/\/www.fsg-zi-hi-ho.de\/FSG\/wp-json\/wp\/v2\/pages\/7052\/revisions\/8797"}],"wp:attachment":[{"href":"https:\/\/www.fsg-zi-hi-ho.de\/FSG\/wp-json\/wp\/v2\/media?parent=7052"}],"curies":[{"name":"wp","href":"https:\/\/api.w.org\/{rel}","templated":true}]}}