{"id":747,"date":"2012-09-17T09:50:18","date_gmt":"2012-09-17T07:50:18","guid":{"rendered":"http:\/\/www.fsg-zi-hi-ho.de\/FSG\/?page_id=747"},"modified":"2023-01-14T13:27:46","modified_gmt":"2023-01-14T12:27:46","slug":"frauenfussball","status":"publish","type":"page","link":"https:\/\/www.fsg-zi-hi-ho.de\/FSG\/frauenfussball\/","title":{"rendered":"Frauen"},"content":{"rendered":"<p>Im Jahre 2008 kamen viele Spielerinnen altersbedingt vom M\u00e4dchenfu\u00dfball\/Jugendspielbetrieb zum Damenfu\u00dfball. Da es bisher noch keine Damenmannschaft bei der FSG gab, aber den Spielerinnen auch nach dem Jugendalter die M\u00f6glichkeit geboten werden wollte in unserem Verein Fu\u00dfball zu spielen, gr\u00fcndete die FSG ab der Saison 2008\/2009 eine <strong>Damenmannschaft<\/strong>. Anf\u00e4nglich hatte die Mannschaft noch mit Spielerinnenmangel zu k\u00e4mpfen. Die Gr\u00fcndung der Damenmannschaft war jedoch der Grundstein f\u00fcr eine erfolgreiche Zukunft und setzte die Tradition des Damenfu\u00dfballs fort, da es bereits in den 80er Jahren im Stammverein Hindelwanger SV Damenmannschaften gab. Durch die zahlreich aus dem Jugendbereich nachr\u00fcckenden Spielerinnen konnte ab der Saison 2014\/2015 eine <strong>2. Damenmannschaft<\/strong> f\u00fcr den Spielbetrieb gemeldet werden. Die 2. Mannschaft musste allerdings nach 2 Jahren wieder abgemeldet werden. Folgende sportliche Erfolge konnten bisher erreicht werden:<\/p>\n<p><strong>Damen 1:<\/strong><\/p>\n<ul>\n<li>in der noch jungen Vereinsgeschichte gelang in der Saison 2013\/2014 die seit Jahren angedeutete <strong>Meisterschaft<\/strong> und der damit verbundene <strong>Aufstieg in die Bezirksliga<\/strong>. Und zum anderen wurde der <strong>Bezirkspokalsieg<\/strong> errungen und somit das <strong>\u201eDouble\u201c<\/strong> perfekt gemacht.<\/li>\n<li>der \u201eDurchmarsch\u201c mit der <strong>Bezirksligameisterschaft<\/strong> und dem <strong>Aufstieg in die Landesliga<\/strong> schaffte die Mannschaft direkt in der n\u00e4chsten Saison 2014\/2015. Ebenfalls konnte der <strong>Bezirkspokalsieg<\/strong> in dieser Saison wieder geschafft werden.<\/li>\n<\/ul>\n<p>Die FSG Zizenhausen-Hindelwangen-Hoppetenzell agierte seit der Saison 2009\/2010 im Bereich des Damenfu\u00dfballs in einer Spielgemeinschaft mit der SG Heudorf-Honstetten. Seit der Saison 2017\/2018 wird Damenfu\u00dfball wieder unter Eigenregie der FSG gespielt, da die Spielgemeinschaft aufgel\u00f6st wurde. Aktuell spielen die Damen in der Bezirksliga.<\/p>\n<div class=\"default-style\">Zur Saison 2020\/21 stieg die Damenmannschaft freiwillig in die Kreisliga ab, da der Kader durch einige Abg\u00e4nge quantitativ nicht mehr f\u00fcr die Bezirksliga ausreichend war.<\/div>\n","protected":false},"excerpt":{"rendered":"<p>Im Jahre 2008 kamen viele Spielerinnen altersbedingt vom M\u00e4dchenfu\u00dfball\/Jugendspielbetrieb zum Damenfu\u00dfball. Da es bisher noch keine Damenmannschaft bei der FSG gab, aber den Spielerinnen auch [&#8230;]<\/p>\n","protected":false},"author":1,"featured_media":0,"parent":0,"menu_order":57,"comment_status":"closed","ping_status":"closed","template":"","meta":{"footnotes":""},"class_list":["post-747","page","type-page","status-publish","hentry"],"_links":{"self":[{"href":"https:\/\/www.fsg-zi-hi-ho.de\/FSG\/wp-json\/wp\/v2\/pages\/747","targetHints":{"allow":["GET"]}}],"collection":[{"href":"https:\/\/www.fsg-zi-hi-ho.de\/FSG\/wp-json\/wp\/v2\/pages"}],"about":[{"href":"https:\/\/www.fsg-zi-hi-ho.de\/FSG\/wp-json\/wp\/v2\/types\/page"}],"author":[{"embeddable":true,"href":"https:\/\/www.fsg-zi-hi-ho.de\/FSG\/wp-json\/wp\/v2\/users\/1"}],"replies":[{"embeddable":true,"href":"https:\/\/www.fsg-zi-hi-ho.de\/FSG\/wp-json\/wp\/v2\/comments?post=747"}],"version-history":[{"count":57,"href":"https:\/\/www.fsg-zi-hi-ho.de\/FSG\/wp-json\/wp\/v2\/pages\/747\/revisions"}],"predecessor-version":[{"id":10134,"href":"https:\/\/www.fsg-zi-hi-ho.de\/FSG\/wp-json\/wp\/v2\/pages\/747\/revisions\/10134"}],"wp:attachment":[{"href":"https:\/\/www.fsg-zi-hi-ho.de\/FSG\/wp-json\/wp\/v2\/media?parent=747"}],"curies":[{"name":"wp","href":"https:\/\/api.w.org\/{rel}","templated":true}]}}