{"id":9470,"date":"2022-02-11T22:32:59","date_gmt":"2022-02-11T21:32:59","guid":{"rendered":"https:\/\/www.fsg-zi-hi-ho.de\/FSG\/?page_id=9470"},"modified":"2025-07-06T17:42:14","modified_gmt":"2025-07-06T15:42:14","slug":"gruempelturnier","status":"publish","type":"page","link":"https:\/\/www.fsg-zi-hi-ho.de\/FSG\/gruempelturnier\/","title":{"rendered":"Gr\u00fcmpelturnier"},"content":{"rendered":"<p><strong>46. Fussball-Gr\u00fcmpeltunier<\/strong><\/p>\n<p>Hallo liebe Sportfreunde,<\/p>\n<p>bald ist es wieder so weit! Bereits zum 46. Mal findet unser beliebtes Fu\u00dfball-Gr\u00fcmpelturnier (mit Elfmeterturnier) statt.<\/p>\n<p><strong>Wann:<\/strong> Samstag 12. und Sonntag 13. Juli 2025<br \/>\n<strong>Wo:<\/strong> Sportgel\u00e4nde Zizenhausen<\/p>\n<p><strong>Anmeldeschluss:<\/strong> Sonntag, 29. Juni 2025<\/p>\n<p>Wie jedes Jahr werden wieder ca. 40 Mannschaften (Aktive, Passive und Frauen) um den Turniersieg spielen. Die Mannschaften auf den Pl\u00e4tzen 1 \u2013 3 erhalten jeweils einen Pokal. Au\u00dferdem werden f\u00fcr alle Halbfinalteilnehmer (Platzierung 1 \u2013 4) attraktive Sachpreise vergeben.<\/p>\n<p>Parallel zum Fu\u00dfball-Gr\u00fcmpelturnier findet am Samstag wieder ein Elfmeterturnier statt. Auch hier gibt es einen Pokal und Sachpreise f\u00fcr die Sieger zu gewinnen.<\/p>\n<p>Wir freuen uns \u00fcber eine gro\u00dfe Teilnehmerzahl, faire und interessante Spiele und w\u00fcnschen ein sch\u00f6nes Fu\u00dfball-Wochenende.<\/p>\n<p>Falls Ihr Fragen habt, k\u00f6nnt Ihr Euch gerne bei uns melden!<\/p>\n<p>&nbsp;<\/p>\n<p><strong>Anmeldung<\/strong><\/p>\n<p>Anmeldefrist vorbei!<\/p>\n","protected":false},"excerpt":{"rendered":"<p>46. Fussball-Gr\u00fcmpeltunier Hallo liebe Sportfreunde, bald ist es wieder so weit! Bereits zum 46. Mal findet unser beliebtes Fu\u00dfball-Gr\u00fcmpelturnier (mit Elfmeterturnier) statt. Wann: Samstag 12. [&#8230;]<\/p>\n","protected":false},"author":1,"featured_media":0,"parent":0,"menu_order":0,"comment_status":"closed","ping_status":"closed","template":"","meta":{"footnotes":""},"class_list":["post-9470","page","type-page","status-publish","hentry"],"_links":{"self":[{"href":"https:\/\/www.fsg-zi-hi-ho.de\/FSG\/wp-json\/wp\/v2\/pages\/9470","targetHints":{"allow":["GET"]}}],"collection":[{"href":"https:\/\/www.fsg-zi-hi-ho.de\/FSG\/wp-json\/wp\/v2\/pages"}],"about":[{"href":"https:\/\/www.fsg-zi-hi-ho.de\/FSG\/wp-json\/wp\/v2\/types\/page"}],"author":[{"embeddable":true,"href":"https:\/\/www.fsg-zi-hi-ho.de\/FSG\/wp-json\/wp\/v2\/users\/1"}],"replies":[{"embeddable":true,"href":"https:\/\/www.fsg-zi-hi-ho.de\/FSG\/wp-json\/wp\/v2\/comments?post=9470"}],"version-history":[{"count":26,"href":"https:\/\/www.fsg-zi-hi-ho.de\/FSG\/wp-json\/wp\/v2\/pages\/9470\/revisions"}],"predecessor-version":[{"id":10911,"href":"https:\/\/www.fsg-zi-hi-ho.de\/FSG\/wp-json\/wp\/v2\/pages\/9470\/revisions\/10911"}],"wp:attachment":[{"href":"https:\/\/www.fsg-zi-hi-ho.de\/FSG\/wp-json\/wp\/v2\/media?parent=9470"}],"curies":[{"name":"wp","href":"https:\/\/api.w.org\/{rel}","templated":true}]}}